{"id":842,"date":"2020-09-07T09:16:57","date_gmt":"2020-09-07T07:16:57","guid":{"rendered":"https:\/\/eg-reisen.de\/?page_id=842"},"modified":"2021-08-14T07:57:01","modified_gmt":"2021-08-14T05:57:01","slug":"messefahrten","status":"publish","type":"page","link":"https:\/\/eg-reisen.de\/en\/bus-mieten-fuer\/messefahrten\/","title":{"rendered":"Fair trips"},"content":{"rendered":"<div data-elementor-type=\"wp-page\" data-elementor-id=\"842\" class=\"elementor elementor-842\">\n\t\t\t\t\t\t<section class=\"elementor-section elementor-top-section elementor-element elementor-element-7c52b457 elementor-section-boxed elementor-section-height-default elementor-section-height-default\" data-id=\"7c52b457\" data-element_type=\"section\" data-settings=\"{&quot;background_background&quot;:&quot;classic&quot;}\">\n\t\t\t\t\t\t\t<div class=\"elementor-background-overlay\"><\/div>\n\t\t\t\t\t\t\t<div class=\"elementor-container elementor-column-gap-default\">\n\t\t\t\t\t<div class=\"elementor-column elementor-col-50 elementor-top-column elementor-element elementor-element-337dc9d3\" data-id=\"337dc9d3\" data-element_type=\"column\">\n\t\t\t<div class=\"elementor-widget-wrap elementor-element-populated\">\n\t\t\t\t\t\t<div class=\"elementor-element elementor-element-69b80182 elementor-widget elementor-widget-elementskit-heading\" data-id=\"69b80182\" data-element_type=\"widget\" data-widget_type=\"elementskit-heading.default\">\n\t\t\t\t<div class=\"elementor-widget-container\">\n\t\t\t\t\t<div class=\"ekit-wid-con\" ><div class=\"ekit-heading elementskit-section-title-wraper text_left   ekit_heading_tablet-   ekit_heading_mobile-\"><h3 class=\"elementskit-section-subtitle\">\n\t\t\t\t\t\t#fair\n\t\t\t\t\t<\/h3><h2 class=\"ekit-heading--title elementskit-section-title\">Rent a bus for trips to the fair<\/h2>\t\t\t\t<div class='ekit-heading__description'>\n\t\t\t\t\t<h4>To the Hamburg, Berlin or Cologne trade fair<\/h4>\n\t\t\t\t<\/div>\n\t\t\t<\/div><\/div>\t\t\t\t<\/div>\n\t\t\t\t<\/div>\n\t\t\t\t<div class=\"elementor-element elementor-element-6e899f0 eael-gravity-form-button-custom elementor-widget elementor-widget-eael-gravity-form\" data-id=\"6e899f0\" data-element_type=\"widget\" data-widget_type=\"eael-gravity-form.default\">\n\t\t\t\t<div class=\"elementor-widget-container\">\n\t\t\t\t\t\t\t\t<div class=\"eael-contact-form eael-gravity-form title-description-hide eael-contact-form-align-center\">\n\t\t        \t\t\t\t\t<div class=\"eael-gravity-form-heading\">\n\t\t\t\t        \t\t\t\t\t\t\t<h3 class=\"eael-contact-form-title eael-gravity-form-title\">\n\t\t\t\t\t\t        Rent a bus for ...\t\t\t\t\t\t\t<\/h3>\n\t\t\t\t        \t\t\t\t        \t\t\t\t\t<\/div>\n\t\t        <script type=\"text\/javascript\">if(!gform){document.addEventListener(\"gform_main_scripts_loaded\",function(){gform.scriptsLoaded=!0}),window.addEventListener(\"DOMContentLoaded\",function(){gform.domLoaded=!0});var gform={domLoaded:!1,scriptsLoaded:!1,initializeOnLoaded:function(o){gform.domLoaded&&gform.scriptsLoaded?o():!gform.domLoaded&&gform.scriptsLoaded?window.addEventListener(\"DOMContentLoaded\",o):document.addEventListener(\"gform_main_scripts_loaded\",o)},hooks:{action:{},filter:{}},addAction:function(o,n,r,t){gform.addHook(\"action\",o,n,r,t)},addFilter:function(o,n,r,t){gform.addHook(\"filter\",o,n,r,t)},doAction:function(o){gform.doHook(\"action\",o,arguments)},applyFilters:function(o){return gform.doHook(\"filter\",o,arguments)},removeAction:function(o,n){gform.removeHook(\"action\",o,n)},removeFilter:function(o,n,r){gform.removeHook(\"filter\",o,n,r)},addHook:function(o,n,r,t,i){null==gform.hooks[o][n]&&(gform.hooks[o][n]=[]);var e=gform.hooks[o][n];null==i&&(i=n+\"_\"+e.length),null==t&&(t=10),gform.hooks[o][n].push({tag:i,callable:r,priority:t})},doHook:function(o,n,r){if(r=Array.prototype.slice.call(r,1),null!=gform.hooks[o][n]){var t,i=gform.hooks[o][n];i.sort(function(o,n){return o.priority-n.priority});for(var e=0;e<i.length;e++)\"function\"!=typeof(t=i[e].callable)&&(t=window[t]),\"action\"==o?t.apply(null,r):r[0]=t.apply(null,r)}if(\"filter\"==o)return r[0]},removeHook:function(o,n,r,t){if(null!=gform.hooks[o][n])for(var i=gform.hooks[o][n],e=i.length-1;0<=e;e--)null!=t&&t!=i[e].tag||null!=r&&r!=i[e].priority||i.splice(e,1)}}}<\/script>\n                <div class='gf_browser_gecko gform_wrapper gf_simple_horizontal_wrapper gform_legacy_markup_wrapper' id='gform_wrapper_5' ><form method='post' enctype='multipart\/form-data'  id='gform_5' class='gf_simple_horizontal gform_legacy_markup' action='\/en\/wp-json\/wp\/v2\/pages\/842' novalidate data-trp-original-action=\"\/en\/wp-json\/wp\/v2\/pages\/842\">\n                        <div class='gform_body gform-body'><ul id='gform_fields_5' class='gform_fields top_label form_sublabel_below description_below'><li id=\"field_5_1\" class=\"gfield gform_wrapper_5 field_sublabel_below field_description_below hidden_label gfield_visibility_visible\" ><label class='gfield_label' for='input_5_1' >people<\/label><div class='ginput_container ginput_container_number'><input name='input_1' id='input_5_1' type='number' step='any'   value='' class='small'      aria-invalid=\"false\"  \/><\/div><\/li><li id=\"field_5_2\" class=\"gfield gfield_html gfield_html_formatted gfield_no_follows_desc field_sublabel_below field_description_below gfield_visibility_visible\" ><p class=\"font_montserrat\">people<\/p><\/li><li id=\"field_5_3\" class=\"gfield gfield--width-full gform_hidden field_sublabel_below field_description_below gfield_visibility_visible\" ><div class='ginput_container ginput_container_text'><input name='input_3' id='input_5_3' type='hidden' class='gform_hidden'  aria-invalid=\"false\" value='' \/><\/div><\/li><\/ul><\/div>\n        <div class='gform_footer top_label'> <input type='submit' id='gform_submit_button_5' class='gform_button button' value='Request price'  onclick='if(window[\"gf_submitting_5\"]){return false;}  if( !jQuery(\"#gform_5\")[0].checkValidity || jQuery(\"#gform_5\")[0].checkValidity()){window[\"gf_submitting_5\"]=true;}  ' onkeypress='if( event.keyCode == 13 ){ if(window[\"gf_submitting_5\"]){return false;} if( !jQuery(\"#gform_5\")[0].checkValidity || jQuery(\"#gform_5\")[0].checkValidity()){window[\"gf_submitting_5\"]=true;}  jQuery(\"#gform_5\").trigger(\"submit\",[true]); }' \/> \n            <input type='hidden' class='gform_hidden' name='is_submit_5' value='1' \/>\n            <input type='hidden' class='gform_hidden' name='gform_submit' value='5' \/>\n            \n            <input type='hidden' class='gform_hidden' name='gform_unique_id' value='' \/>\n            <input type='hidden' class='gform_hidden' name='state_5' value='WyJbXSIsIjVjYjAxYTM4YWJmZmI3MjIwZmYxMjFlYzYwYjEzNjYwIl0=' \/>\n            <input type='hidden' class='gform_hidden' name='gform_target_page_number_5' id='gform_target_page_number_5' value='0' \/>\n            <input type='hidden' class='gform_hidden' name='gform_source_page_number_5' id='gform_source_page_number_5' value='1' \/>\n            <input type='hidden' name='gform_field_values' value='' \/>\n            \n        <\/div>\n                        <input type=\"hidden\" name=\"trp-form-language\" value=\"en\"\/><\/form>\n                        <\/div>\t\t\t<\/div>\n            \t\t\t\t<\/div>\n\t\t\t\t<\/div>\n\t\t\t\t\t<\/div>\n\t\t<\/div>\n\t\t\t\t<div class=\"elementor-column elementor-col-50 elementor-top-column elementor-element elementor-element-6fd8b5eb\" data-id=\"6fd8b5eb\" data-element_type=\"column\">\n\t\t\t<div class=\"elementor-widget-wrap\">\n\t\t\t\t\t\t\t<\/div>\n\t\t<\/div>\n\t\t\t\t\t<\/div>\n\t\t<\/section>\n\t\t\t\t<section class=\"elementor-section elementor-top-section elementor-element elementor-element-38d8c182 elementor-section-boxed elementor-section-height-default elementor-section-height-default\" data-id=\"38d8c182\" data-element_type=\"section\" data-settings=\"{&quot;background_background&quot;:&quot;classic&quot;}\">\n\t\t\t\t\t\t<div class=\"elementor-container elementor-column-gap-no\">\n\t\t\t\t\t<div class=\"elementor-column elementor-col-100 elementor-top-column elementor-element elementor-element-6191f14e\" data-id=\"6191f14e\" data-element_type=\"column\">\n\t\t\t<div class=\"elementor-widget-wrap elementor-element-populated\">\n\t\t\t\t\t\t<section class=\"elementor-section elementor-inner-section elementor-element elementor-element-495ebd84 elementor-section-boxed elementor-section-height-default elementor-section-height-default\" data-id=\"495ebd84\" data-element_type=\"section\">\n\t\t\t\t\t\t<div class=\"elementor-container elementor-column-gap-default\">\n\t\t\t\t\t<div class=\"elementor-column elementor-col-50 elementor-inner-column elementor-element elementor-element-6d8add02\" data-id=\"6d8add02\" data-element_type=\"column\">\n\t\t\t<div class=\"elementor-widget-wrap elementor-element-populated\">\n\t\t\t\t\t\t<div class=\"elementor-element elementor-element-182408d elementor-widget elementor-widget-text-editor\" data-id=\"182408d\" data-element_type=\"widget\" data-widget_type=\"text-editor.default\">\n\t\t\t\t<div class=\"elementor-widget-container\">\n\t\t\t\t\t\t\t\t\t<h1>Fair trips<\/h1><p>Are you planning a trade fair visit or are you preparing for your major trade fair appearance? Are you still missing the shuttle service with ultra-modern, exclusive buses? Then you've come to the right place.<\/p><p>Our business class buses are the right choice for comfortable transit to your trade fair. The exhibition shuttle service is the best alternative to public transport and offers your group exclusivity and significantly greater comfort.<\/p><p>From planning to implementation, we are at your side with advice and action. Let us convince you of our service. We are also happy to offer you professional and multilingual hostesses.<\/p>\t\t\t\t\t\t\t\t<\/div>\n\t\t\t\t<\/div>\n\t\t\t\t\t<\/div>\n\t\t<\/div>\n\t\t\t\t<div class=\"elementor-column elementor-col-50 elementor-inner-column elementor-element elementor-element-628917e\" data-id=\"628917e\" data-element_type=\"column\">\n\t\t\t<div class=\"elementor-widget-wrap elementor-element-populated\">\n\t\t\t\t\t\t<div class=\"elementor-element elementor-element-4518d07 elementor-widget elementor-widget-text-editor\" data-id=\"4518d07\" data-element_type=\"widget\" data-widget_type=\"text-editor.default\">\n\t\t\t\t<div class=\"elementor-widget-container\">\n\t\t\t\t\t\t\t\t\t[nv-custom-layout id=&#8220;2002&#8243;]\t\t\t\t\t\t\t\t<\/div>\n\t\t\t\t<\/div>\n\t\t\t\t\t<\/div>\n\t\t<\/div>\n\t\t\t\t\t<\/div>\n\t\t<\/section>\n\t\t\t\t\t<\/div>\n\t\t<\/div>\n\t\t\t\t\t<\/div>\n\t\t<\/section>\n\t\t\t\t<section class=\"elementor-section elementor-inner-section elementor-element elementor-element-3b25c6f5 elementor-section-boxed elementor-section-height-default elementor-section-height-default\" data-id=\"3b25c6f5\" data-element_type=\"section\" id=\"xs_cta_agency\" data-settings=\"{&quot;background_background&quot;:&quot;classic&quot;}\">\n\t\t\t\t\t\t<div class=\"elementor-container elementor-column-gap-no\">\n\t\t\t\t\t<div class=\"elementor-column elementor-col-50 elementor-inner-column elementor-element elementor-element-4695c835\" data-id=\"4695c835\" data-element_type=\"column\">\n\t\t\t<div class=\"elementor-widget-wrap elementor-element-populated\">\n\t\t\t\t\t\t<div class=\"elementor-element elementor-element-3535d008 elementor-widget elementor-widget-elementskit-heading\" data-id=\"3535d008\" data-element_type=\"widget\" data-widget_type=\"elementskit-heading.default\">\n\t\t\t\t<div class=\"elementor-widget-container\">\n\t\t\t\t\t<div class=\"ekit-wid-con\" ><div class=\"ekit-heading elementskit-section-title-wraper text_left   ekit_heading_tablet-   ekit_heading_mobile-text_center\"><h2 class=\"ekit-heading--title elementskit-section-title\">Offer for your <span>Fair trips<\/span><\/h2><\/div><\/div>\t\t\t\t<\/div>\n\t\t\t\t<\/div>\n\t\t\t\t\t<\/div>\n\t\t<\/div>\n\t\t\t\t<div class=\"elementor-column elementor-col-50 elementor-inner-column elementor-element elementor-element-32d3f6e7\" data-id=\"32d3f6e7\" data-element_type=\"column\">\n\t\t\t<div class=\"elementor-widget-wrap elementor-element-populated\">\n\t\t\t\t\t\t<div class=\"elementor-element elementor-element-3e41c63a eael-gravity-form-button-custom elementor-widget elementor-widget-eael-gravity-form\" data-id=\"3e41c63a\" data-element_type=\"widget\" data-widget_type=\"eael-gravity-form.default\">\n\t\t\t\t<div class=\"elementor-widget-container\">\n\t\t\t\t\t\t\t\t<div class=\"eael-contact-form eael-gravity-form title-description-hide eael-contact-form-align-center\">\n\t\t        \t\t\t\t\t<div class=\"eael-gravity-form-heading\">\n\t\t\t\t        \t\t\t\t\t\t\t<h3 class=\"eael-contact-form-title eael-gravity-form-title\">\n\t\t\t\t\t\t        Rent a bus for ...\t\t\t\t\t\t\t<\/h3>\n\t\t\t\t        \t\t\t\t        \t\t\t\t\t<\/div>\n\t\t        \n                <div class='gf_browser_gecko gform_wrapper gf_simple_horizontal_wrapper gform_legacy_markup_wrapper' id='gform_wrapper_5' ><form method='post' enctype='multipart\/form-data'  id='gform_5' class='gf_simple_horizontal gform_legacy_markup' action='\/en\/wp-json\/wp\/v2\/pages\/842' novalidate data-trp-original-action=\"\/en\/wp-json\/wp\/v2\/pages\/842\">\n                        <div class='gform_body gform-body'><ul id='gform_fields_5' class='gform_fields top_label form_sublabel_below description_below'><li id=\"field_5_1\" class=\"gfield gform_wrapper_5 field_sublabel_below field_description_below hidden_label gfield_visibility_visible\" ><label class='gfield_label' for='input_5_1' >people<\/label><div class='ginput_container ginput_container_number'><input name='input_1' id='input_5_1' type='number' step='any'   value='' class='small'      aria-invalid=\"false\"  \/><\/div><\/li><li id=\"field_5_2\" class=\"gfield gfield_html gfield_html_formatted gfield_no_follows_desc field_sublabel_below field_description_below gfield_visibility_visible\" ><p class=\"font_montserrat\">people<\/p><\/li><li id=\"field_5_3\" class=\"gfield gfield--width-full gform_hidden field_sublabel_below field_description_below gfield_visibility_visible\" ><div class='ginput_container ginput_container_text'><input name='input_3' id='input_5_3' type='hidden' class='gform_hidden'  aria-invalid=\"false\" value='' \/><\/div><\/li><\/ul><\/div>\n        <div class='gform_footer top_label'> <input type='submit' id='gform_submit_button_5' class='gform_button button' value='Request price'  onclick='if(window[\"gf_submitting_5\"]){return false;}  if( !jQuery(\"#gform_5\")[0].checkValidity || jQuery(\"#gform_5\")[0].checkValidity()){window[\"gf_submitting_5\"]=true;}  ' onkeypress='if( event.keyCode == 13 ){ if(window[\"gf_submitting_5\"]){return false;} if( !jQuery(\"#gform_5\")[0].checkValidity || jQuery(\"#gform_5\")[0].checkValidity()){window[\"gf_submitting_5\"]=true;}  jQuery(\"#gform_5\").trigger(\"submit\",[true]); }' \/> \n            <input type='hidden' class='gform_hidden' name='is_submit_5' value='1' \/>\n            <input type='hidden' class='gform_hidden' name='gform_submit' value='5' \/>\n            \n            <input type='hidden' class='gform_hidden' name='gform_unique_id' value='' \/>\n            <input type='hidden' class='gform_hidden' name='state_5' value='WyJbXSIsIjVjYjAxYTM4YWJmZmI3MjIwZmYxMjFlYzYwYjEzNjYwIl0=' \/>\n            <input type='hidden' class='gform_hidden' name='gform_target_page_number_5' id='gform_target_page_number_5' value='0' \/>\n            <input type='hidden' class='gform_hidden' name='gform_source_page_number_5' id='gform_source_page_number_5' value='1' \/>\n            <input type='hidden' name='gform_field_values' value='' \/>\n            \n        <\/div>\n                        <input type=\"hidden\" name=\"trp-form-language\" value=\"en\"\/><\/form>\n                        <\/div>\t\t\t<\/div>\n            \t\t\t\t<\/div>\n\t\t\t\t<\/div>\n\t\t\t\t\t<\/div>\n\t\t<\/div>\n\t\t\t\t\t<\/div>\n\t\t<\/section>\n\t\t\t\t<\/div>","protected":false},"excerpt":{"rendered":"<p># Messe Einen Bus mieten f\u00fcr Messefahrten Zur Messe Hamburg, Berlin oder K\u00f6ln Bus mieten f\u00fcr Personen Personen Messefahrten Sie planen einen Messebesuch oder bereiten sich auf Ihren gro\u00dfen Messeauftritt vor? Es fehlt Ihnen allerdings noch der Shuttleservice mit hochmodernen, exklusiven Bussen? Dann sind Sie bei uns genau richtig. Unsere Busse der Business-Klasse sind die&hellip;&nbsp;<a href=\"https:\/\/eg-reisen.de\/en\/bus-mieten-fuer\/messefahrten\/\" rel=\"bookmark\">Read More &raquo;<span class=\"screen-reader-text\">Fair trips<\/span><\/a><\/p>","protected":false},"author":1,"featured_media":0,"parent":417,"menu_order":0,"comment_status":"closed","ping_status":"closed","template":"page-templates\/template-pagebuilder-full-width.php","meta":{"neve_meta_sidebar":"","neve_meta_container":"","neve_meta_enable_content_width":"","neve_meta_content_width":0,"neve_meta_title_alignment":"","neve_meta_author_avatar":"","neve_post_elements_order":"","neve_meta_disable_header":"","neve_meta_disable_footer":"","neve_meta_disable_title":"","footnotes":""},"class_list":["post-842","page","type-page","status-publish","hentry"],"yoast_head":"<!-- This site is optimized with the Yoast SEO plugin v25.4 - https:\/\/yoast.com\/wordpress\/plugins\/seo\/ -->\n<title>Bus mieten f\u00fcr Messefahrten<\/title>\n<meta name=\"description\" content=\"Bus mieten f\u00fcr Messefahrten. Sie planen einen Messebesuch oder bereiten sich auf Ihren gro\u00dfen Messeauftritt vor? Es fehlt Ihnen allerdings noch der Shuttleservice mit hochmodernen, exklusiven Bussen? Dann sind Sie bei uns genau richtig.\" \/>\n<meta name=\"robots\" content=\"index, follow, max-snippet:-1, max-image-preview:large, max-video-preview:-1\" \/>\n<link rel=\"canonical\" href=\"https:\/\/eg-reisen.de\/en\/bus-mieten-fuer\/messefahrten\/\" \/>\n<meta property=\"og:locale\" content=\"en_GB\" \/>\n<meta property=\"og:type\" content=\"article\" \/>\n<meta property=\"og:title\" content=\"Bus mieten f\u00fcr Messefahrten\" \/>\n<meta property=\"og:description\" content=\"Bus mieten f\u00fcr Messefahrten. Sie planen einen Messebesuch oder bereiten sich auf Ihren gro\u00dfen Messeauftritt vor? Es fehlt Ihnen allerdings noch der Shuttleservice mit hochmodernen, exklusiven Bussen? Dann sind Sie bei uns genau richtig.\" \/>\n<meta property=\"og:url\" content=\"https:\/\/eg-reisen.de\/en\/bus-mieten-fuer\/messefahrten\/\" \/>\n<meta property=\"og:site_name\" content=\"EG Bustouristik\" \/>\n<meta property=\"article:publisher\" content=\"https:\/\/www.facebook.com\/reisebusvermietung\" \/>\n<meta property=\"article:modified_time\" content=\"2021-08-14T05:57:01+00:00\" \/>\n<meta name=\"twitter:card\" content=\"summary_large_image\" \/>\n<meta name=\"twitter:label1\" content=\"Estimated reading time\" \/>\n\t<meta name=\"twitter:data1\" content=\"1 minute\" \/>\n<script type=\"application\/ld+json\" class=\"yoast-schema-graph\">{\"@context\":\"https:\/\/schema.org\",\"@graph\":[{\"@type\":\"WebPage\",\"@id\":\"https:\/\/eg-reisen.de\/en\/bus-mieten-fuer\/messefahrten\/\",\"url\":\"https:\/\/eg-reisen.de\/en\/bus-mieten-fuer\/messefahrten\/\",\"name\":\"Bus mieten f\u00fcr Messefahrten\",\"isPartOf\":{\"@id\":\"https:\/\/eg-reisen.de\/#website\"},\"datePublished\":\"2020-09-07T07:16:57+00:00\",\"dateModified\":\"2021-08-14T05:57:01+00:00\",\"description\":\"Bus mieten f\u00fcr Messefahrten. Sie planen einen Messebesuch oder bereiten sich auf Ihren gro\u00dfen Messeauftritt vor? Es fehlt Ihnen allerdings noch der Shuttleservice mit hochmodernen, exklusiven Bussen? Dann sind Sie bei uns genau richtig.\",\"breadcrumb\":{\"@id\":\"https:\/\/eg-reisen.de\/en\/bus-mieten-fuer\/messefahrten\/#breadcrumb\"},\"inLanguage\":\"en-GB\",\"potentialAction\":[{\"@type\":\"ReadAction\",\"target\":[\"https:\/\/eg-reisen.de\/en\/bus-mieten-fuer\/messefahrten\/\"]}]},{\"@type\":\"BreadcrumbList\",\"@id\":\"https:\/\/eg-reisen.de\/en\/bus-mieten-fuer\/messefahrten\/#breadcrumb\",\"itemListElement\":[{\"@type\":\"ListItem\",\"position\":1,\"name\":\"Home\",\"item\":\"https:\/\/eg-reisen.de\/\"},{\"@type\":\"ListItem\",\"position\":2,\"name\":\"Bus mieten f\u00fcr\",\"item\":\"https:\/\/eg-reisen.de\/bus-mieten-fuer\/\"},{\"@type\":\"ListItem\",\"position\":3,\"name\":\"Messefahrten\"}]},{\"@type\":\"WebSite\",\"@id\":\"https:\/\/eg-reisen.de\/#website\",\"url\":\"https:\/\/eg-reisen.de\/\",\"name\":\"EG Bustouristik\",\"description\":\"Ihre Busvermietung in Hamburg\",\"publisher\":{\"@id\":\"https:\/\/eg-reisen.de\/#organization\"},\"potentialAction\":[{\"@type\":\"SearchAction\",\"target\":{\"@type\":\"EntryPoint\",\"urlTemplate\":\"https:\/\/eg-reisen.de\/?s={search_term_string}\"},\"query-input\":{\"@type\":\"PropertyValueSpecification\",\"valueRequired\":true,\"valueName\":\"search_term_string\"}}],\"inLanguage\":\"en-GB\"},{\"@type\":\"Organization\",\"@id\":\"https:\/\/eg-reisen.de\/#organization\",\"name\":\"EG Bustouristik\",\"url\":\"https:\/\/eg-reisen.de\/\",\"logo\":{\"@type\":\"ImageObject\",\"inLanguage\":\"en-GB\",\"@id\":\"https:\/\/eg-reisen.de\/#\/schema\/logo\/image\/\",\"url\":\"https:\/\/eg-reisen.de\/wp-content\/uploads\/2020\/11\/LogoEG.png\",\"contentUrl\":\"https:\/\/eg-reisen.de\/wp-content\/uploads\/2020\/11\/LogoEG.png\",\"width\":1542,\"height\":460,\"caption\":\"EG Bustouristik\"},\"image\":{\"@id\":\"https:\/\/eg-reisen.de\/#\/schema\/logo\/image\/\"},\"sameAs\":[\"https:\/\/www.facebook.com\/reisebusvermietung\"]}]}<\/script>\n<!-- \/ Yoast SEO plugin. -->","yoast_head_json":{"title":"Bus mieten f\u00fcr Messefahrten","description":"Bus mieten f\u00fcr Messefahrten. Sie planen einen Messebesuch oder bereiten sich auf Ihren gro\u00dfen Messeauftritt vor? Es fehlt Ihnen allerdings noch der Shuttleservice mit hochmodernen, exklusiven Bussen? Dann sind Sie bei uns genau richtig.","robots":{"index":"index","follow":"follow","max-snippet":"max-snippet:-1","max-image-preview":"max-image-preview:large","max-video-preview":"max-video-preview:-1"},"canonical":"https:\/\/eg-reisen.de\/en\/bus-mieten-fuer\/messefahrten\/","og_locale":"en_GB","og_type":"article","og_title":"Bus mieten f\u00fcr Messefahrten","og_description":"Bus mieten f\u00fcr Messefahrten. Sie planen einen Messebesuch oder bereiten sich auf Ihren gro\u00dfen Messeauftritt vor? Es fehlt Ihnen allerdings noch der Shuttleservice mit hochmodernen, exklusiven Bussen? Dann sind Sie bei uns genau richtig.","og_url":"https:\/\/eg-reisen.de\/en\/bus-mieten-fuer\/messefahrten\/","og_site_name":"EG Bustouristik","article_publisher":"https:\/\/www.facebook.com\/reisebusvermietung","article_modified_time":"2021-08-14T05:57:01+00:00","twitter_card":"summary_large_image","twitter_misc":{"Estimated reading time":"1 minute"},"schema":{"@context":"https:\/\/schema.org","@graph":[{"@type":"WebPage","@id":"https:\/\/eg-reisen.de\/en\/bus-mieten-fuer\/messefahrten\/","url":"https:\/\/eg-reisen.de\/en\/bus-mieten-fuer\/messefahrten\/","name":"Bus mieten f\u00fcr Messefahrten","isPartOf":{"@id":"https:\/\/eg-reisen.de\/#website"},"datePublished":"2020-09-07T07:16:57+00:00","dateModified":"2021-08-14T05:57:01+00:00","description":"Bus mieten f\u00fcr Messefahrten. Sie planen einen Messebesuch oder bereiten sich auf Ihren gro\u00dfen Messeauftritt vor? Es fehlt Ihnen allerdings noch der Shuttleservice mit hochmodernen, exklusiven Bussen? Dann sind Sie bei uns genau richtig.","breadcrumb":{"@id":"https:\/\/eg-reisen.de\/en\/bus-mieten-fuer\/messefahrten\/#breadcrumb"},"inLanguage":"en-GB","potentialAction":[{"@type":"ReadAction","target":["https:\/\/eg-reisen.de\/en\/bus-mieten-fuer\/messefahrten\/"]}]},{"@type":"BreadcrumbList","@id":"https:\/\/eg-reisen.de\/en\/bus-mieten-fuer\/messefahrten\/#breadcrumb","itemListElement":[{"@type":"ListItem","position":1,"name":"Home","item":"https:\/\/eg-reisen.de\/"},{"@type":"ListItem","position":2,"name":"Bus mieten f\u00fcr","item":"https:\/\/eg-reisen.de\/bus-mieten-fuer\/"},{"@type":"ListItem","position":3,"name":"Messefahrten"}]},{"@type":"WebSite","@id":"https:\/\/eg-reisen.de\/#website","url":"https:\/\/eg-reisen.de\/","name":"EG Bustouristik","description":"Ihre Busvermietung in Hamburg","publisher":{"@id":"https:\/\/eg-reisen.de\/#organization"},"potentialAction":[{"@type":"SearchAction","target":{"@type":"EntryPoint","urlTemplate":"https:\/\/eg-reisen.de\/?s={search_term_string}"},"query-input":{"@type":"PropertyValueSpecification","valueRequired":true,"valueName":"search_term_string"}}],"inLanguage":"en-GB"},{"@type":"Organization","@id":"https:\/\/eg-reisen.de\/#organization","name":"EG Bustouristik","url":"https:\/\/eg-reisen.de\/","logo":{"@type":"ImageObject","inLanguage":"en-GB","@id":"https:\/\/eg-reisen.de\/#\/schema\/logo\/image\/","url":"https:\/\/eg-reisen.de\/wp-content\/uploads\/2020\/11\/LogoEG.png","contentUrl":"https:\/\/eg-reisen.de\/wp-content\/uploads\/2020\/11\/LogoEG.png","width":1542,"height":460,"caption":"EG Bustouristik"},"image":{"@id":"https:\/\/eg-reisen.de\/#\/schema\/logo\/image\/"},"sameAs":["https:\/\/www.facebook.com\/reisebusvermietung"]}]}},"jetpack_sharing_enabled":true,"_links":{"self":[{"href":"https:\/\/eg-reisen.de\/en\/wp-json\/wp\/v2\/pages\/842","targetHints":{"allow":["GET"]}}],"collection":[{"href":"https:\/\/eg-reisen.de\/en\/wp-json\/wp\/v2\/pages"}],"about":[{"href":"https:\/\/eg-reisen.de\/en\/wp-json\/wp\/v2\/types\/page"}],"author":[{"embeddable":true,"href":"https:\/\/eg-reisen.de\/en\/wp-json\/wp\/v2\/users\/1"}],"replies":[{"embeddable":true,"href":"https:\/\/eg-reisen.de\/en\/wp-json\/wp\/v2\/comments?post=842"}],"version-history":[{"count":10,"href":"https:\/\/eg-reisen.de\/en\/wp-json\/wp\/v2\/pages\/842\/revisions"}],"predecessor-version":[{"id":2270,"href":"https:\/\/eg-reisen.de\/en\/wp-json\/wp\/v2\/pages\/842\/revisions\/2270"}],"up":[{"embeddable":true,"href":"https:\/\/eg-reisen.de\/en\/wp-json\/wp\/v2\/pages\/417"}],"wp:attachment":[{"href":"https:\/\/eg-reisen.de\/en\/wp-json\/wp\/v2\/media?parent=842"}],"curies":[{"name":"wp","href":"https:\/\/api.w.org\/{rel}","templated":true}]}}