{"id":747,"date":"2020-09-02T07:20:51","date_gmt":"2020-09-02T05:20:51","guid":{"rendered":"https:\/\/eg-reisen.de\/?page_id=747"},"modified":"2021-07-12T04:41:08","modified_gmt":"2021-07-12T02:41:08","slug":"umwelt","status":"publish","type":"page","link":"https:\/\/eg-reisen.de\/en\/service\/umwelt\/","title":{"rendered":"Environment"},"content":{"rendered":"<div data-elementor-type=\"wp-page\" data-elementor-id=\"747\" class=\"elementor elementor-747\">\n\t\t\t\t\t\t<section class=\"elementor-section elementor-top-section elementor-element elementor-element-5b832f55 elementor-section-boxed elementor-section-height-default elementor-section-height-default\" data-id=\"5b832f55\" data-element_type=\"section\">\n\t\t\t\t\t\t<div class=\"elementor-container elementor-column-gap-default\">\n\t\t\t\t\t<div class=\"elementor-column elementor-col-50 elementor-top-column elementor-element elementor-element-6a55433d\" data-id=\"6a55433d\" data-element_type=\"column\">\n\t\t\t<div class=\"elementor-widget-wrap elementor-element-populated\">\n\t\t\t\t\t\t<div class=\"elementor-element elementor-element-6dda26e6 elementor-widget elementor-widget-text-editor\" data-id=\"6dda26e6\" data-element_type=\"widget\" data-widget_type=\"text-editor.default\">\n\t\t\t\t<div class=\"elementor-widget-container\">\n\t\t\t\t\t\t\t\t\t<h2>Is traveling by coach environmentally friendly?<\/h2>\n<p><strong>Yes, because the coach is the No. 1 climate protector and therefore very environmentally friendly! When a group travels by coach, it protects the climate and conserves resources.<\/strong> <br \/>Reason: With greenhouse gas emissions of 31 grams per passenger kilometer, the coach is not only the lowest-emission means of travel, but also consumes the least amount of fuel at 1.4 liters per passenger per 100 km. In addition, a modern touring coach saves space on the street and in the city centers thanks to its average occupancy of 64 percent compared to a car, which is occupied by an average of only 1.5 people. It also has the lowest environmental costs per person-kilometer. A trip \/ trip by bus is therefore environmentally friendly and actively supports climate protection.<\/p>\n<p>Source: https:\/\/www.rda.de\/service\/fachinformationen\/bus-und-umwelt.html<\/p>\t\t\t\t\t\t\t\t<\/div>\n\t\t\t\t<\/div>\n\t\t\t\t\t<\/div>\n\t\t<\/div>\n\t\t\t\t<div class=\"elementor-column elementor-col-50 elementor-top-column elementor-element elementor-element-34aaff0\" data-id=\"34aaff0\" data-element_type=\"column\">\n\t\t\t<div class=\"elementor-widget-wrap elementor-element-populated\">\n\t\t\t\t\t\t<div class=\"elementor-element elementor-element-3b554cc elementor-widget elementor-widget-text-editor\" data-id=\"3b554cc\" data-element_type=\"widget\" data-widget_type=\"text-editor.default\">\n\t\t\t\t<div class=\"elementor-widget-container\">\n\t\t\t\t\t\t\t\t\t[nv-custom-layout id=&#8220;2002&#8243;]\t\t\t\t\t\t\t\t<\/div>\n\t\t\t\t<\/div>\n\t\t\t\t\t<\/div>\n\t\t<\/div>\n\t\t\t\t\t<\/div>\n\t\t<\/section>\n\t\t\t\t<section class=\"elementor-section elementor-top-section elementor-element elementor-element-ee8cb47 elementor-section-full_width elementor-section-height-default elementor-section-height-default\" data-id=\"ee8cb47\" data-element_type=\"section\">\n\t\t\t\t\t\t<div class=\"elementor-container elementor-column-gap-default\">\n\t\t\t\t\t<div class=\"elementor-column elementor-col-100 elementor-top-column elementor-element elementor-element-18b7eff\" data-id=\"18b7eff\" data-element_type=\"column\">\n\t\t\t<div class=\"elementor-widget-wrap elementor-element-populated\">\n\t\t\t\t\t\t<section class=\"elementor-section elementor-inner-section elementor-element elementor-element-b12cce4 elementor-section-full_width elementor-section-height-default elementor-section-height-default\" data-id=\"b12cce4\" data-element_type=\"section\" data-settings=\"{&quot;background_background&quot;:&quot;classic&quot;}\">\n\t\t\t\t\t\t<div class=\"elementor-container elementor-column-gap-no\">\n\t\t\t\t\t<div class=\"elementor-column elementor-col-50 elementor-inner-column elementor-element elementor-element-09b824d\" data-id=\"09b824d\" data-element_type=\"column\">\n\t\t\t<div class=\"elementor-widget-wrap elementor-element-populated\">\n\t\t\t\t\t\t<div class=\"elementor-element elementor-element-00e7cad elementor-widget elementor-widget-elementskit-heading\" data-id=\"00e7cad\" data-element_type=\"widget\" data-widget_type=\"elementskit-heading.default\">\n\t\t\t\t<div class=\"elementor-widget-container\">\n\t\t\t\t\t<div class=\"ekit-wid-con\" ><div class=\"ekit-heading elementskit-section-title-wraper text_left   ekit_heading_tablet-   ekit_heading_mobile-text_center\"><h2 class=\"ekit-heading--title elementskit-section-title\">Rent your bus for <span>every occasion<\/span><\/h2><\/div><\/div>\t\t\t\t<\/div>\n\t\t\t\t<\/div>\n\t\t\t\t\t<\/div>\n\t\t<\/div>\n\t\t\t\t<div class=\"elementor-column elementor-col-50 elementor-inner-column elementor-element elementor-element-8c15f0c\" data-id=\"8c15f0c\" data-element_type=\"column\">\n\t\t\t<div class=\"elementor-widget-wrap elementor-element-populated\">\n\t\t\t\t\t\t<div class=\"elementor-element elementor-element-1c70e6b eael-gravity-form-button-custom elementor-widget elementor-widget-eael-gravity-form\" data-id=\"1c70e6b\" data-element_type=\"widget\" data-widget_type=\"eael-gravity-form.default\">\n\t\t\t\t<div class=\"elementor-widget-container\">\n\t\t\t\t\t\t\t\t<div class=\"eael-contact-form eael-gravity-form title-description-hide eael-contact-form-align-center\">\n\t\t        \t\t\t\t\t<div class=\"eael-gravity-form-heading\">\n\t\t\t\t        \t\t\t\t\t\t\t<h3 class=\"eael-contact-form-title eael-gravity-form-title\">\n\t\t\t\t\t\t        Rent a bus for ...\t\t\t\t\t\t\t<\/h3>\n\t\t\t\t        \t\t\t\t        \t\t\t\t\t<\/div>\n\t\t        <script type=\"text\/javascript\">if(!gform){document.addEventListener(\"gform_main_scripts_loaded\",function(){gform.scriptsLoaded=!0}),window.addEventListener(\"DOMContentLoaded\",function(){gform.domLoaded=!0});var gform={domLoaded:!1,scriptsLoaded:!1,initializeOnLoaded:function(o){gform.domLoaded&&gform.scriptsLoaded?o():!gform.domLoaded&&gform.scriptsLoaded?window.addEventListener(\"DOMContentLoaded\",o):document.addEventListener(\"gform_main_scripts_loaded\",o)},hooks:{action:{},filter:{}},addAction:function(o,n,r,t){gform.addHook(\"action\",o,n,r,t)},addFilter:function(o,n,r,t){gform.addHook(\"filter\",o,n,r,t)},doAction:function(o){gform.doHook(\"action\",o,arguments)},applyFilters:function(o){return gform.doHook(\"filter\",o,arguments)},removeAction:function(o,n){gform.removeHook(\"action\",o,n)},removeFilter:function(o,n,r){gform.removeHook(\"filter\",o,n,r)},addHook:function(o,n,r,t,i){null==gform.hooks[o][n]&&(gform.hooks[o][n]=[]);var e=gform.hooks[o][n];null==i&&(i=n+\"_\"+e.length),null==t&&(t=10),gform.hooks[o][n].push({tag:i,callable:r,priority:t})},doHook:function(o,n,r){if(r=Array.prototype.slice.call(r,1),null!=gform.hooks[o][n]){var t,i=gform.hooks[o][n];i.sort(function(o,n){return o.priority-n.priority});for(var e=0;e<i.length;e++)\"function\"!=typeof(t=i[e].callable)&&(t=window[t]),\"action\"==o?t.apply(null,r):r[0]=t.apply(null,r)}if(\"filter\"==o)return r[0]},removeHook:function(o,n,r,t){if(null!=gform.hooks[o][n])for(var i=gform.hooks[o][n],e=i.length-1;0<=e;e--)null!=t&&t!=i[e].tag||null!=r&&r!=i[e].priority||i.splice(e,1)}}}<\/script>\n                <div class='gf_browser_gecko gform_wrapper gf_simple_horizontal_wrapper gform_legacy_markup_wrapper' id='gform_wrapper_8' ><form method='post' enctype='multipart\/form-data'  id='gform_8' class='gf_simple_horizontal gform_legacy_markup' action='\/en\/wp-json\/wp\/v2\/pages\/747' novalidate data-trp-original-action=\"\/en\/wp-json\/wp\/v2\/pages\/747\">\n                        <div class='gform_body gform-body'><ul id='gform_fields_8' class='gform_fields top_label form_sublabel_below description_below'><li id=\"field_8_1\" class=\"gfield gfield--width-half gform_wrapper_5 field_sublabel_below field_description_below hidden_label gfield_visibility_visible\" ><label class='gfield_label' for='input_8_1' >people<\/label><div class='ginput_container ginput_container_number'><input name='input_1' id='input_8_1' type='number' step='any'   value='' class='medium'      aria-invalid=\"false\"  \/><\/div><\/li><li id=\"field_8_2\" class=\"gfield gfield--width-half gfield_html gfield_html_formatted gfield_no_follows_desc field_sublabel_below field_description_below gfield_visibility_visible\" ><p class=\"font_montserrat\">people<\/p><\/li><li id=\"field_8_3\" class=\"gfield gfield--width-full gform_hidden field_sublabel_below field_description_below gfield_visibility_visible\" ><div class='ginput_container ginput_container_text'><input name='input_3' id='input_8_3' type='hidden' class='gform_hidden'  aria-invalid=\"false\" value='' \/><\/div><\/li><\/ul><\/div>\n        <div class='gform_footer top_label'> <input type='submit' id='gform_submit_button_8' class='gform_button button' value='Request price'  onclick='if(window[\"gf_submitting_8\"]){return false;}  if( !jQuery(\"#gform_8\")[0].checkValidity || jQuery(\"#gform_8\")[0].checkValidity()){window[\"gf_submitting_8\"]=true;}  ' onkeypress='if( event.keyCode == 13 ){ if(window[\"gf_submitting_8\"]){return false;} if( !jQuery(\"#gform_8\")[0].checkValidity || jQuery(\"#gform_8\")[0].checkValidity()){window[\"gf_submitting_8\"]=true;}  jQuery(\"#gform_8\").trigger(\"submit\",[true]); }' \/> \n            <input type='hidden' class='gform_hidden' name='is_submit_8' value='1' \/>\n            <input type='hidden' class='gform_hidden' name='gform_submit' value='8' \/>\n            \n            <input type='hidden' class='gform_hidden' name='gform_unique_id' value='' \/>\n            <input type='hidden' class='gform_hidden' name='state_8' value='WyJbXSIsIjVjYjAxYTM4YWJmZmI3MjIwZmYxMjFlYzYwYjEzNjYwIl0=' \/>\n            <input type='hidden' class='gform_hidden' name='gform_target_page_number_8' id='gform_target_page_number_8' value='0' \/>\n            <input type='hidden' class='gform_hidden' name='gform_source_page_number_8' id='gform_source_page_number_8' value='1' \/>\n            <input type='hidden' name='gform_field_values' value='' \/>\n            \n        <\/div>\n                        <input type=\"hidden\" name=\"trp-form-language\" value=\"en\"\/><\/form>\n                        <\/div>\t\t\t<\/div>\n            \t\t\t\t<\/div>\n\t\t\t\t<\/div>\n\t\t\t\t\t<\/div>\n\t\t<\/div>\n\t\t\t\t\t<\/div>\n\t\t<\/section>\n\t\t\t\t\t<\/div>\n\t\t<\/div>\n\t\t\t\t\t<\/div>\n\t\t<\/section>\n\t\t\t\t<\/div>","protected":false},"excerpt":{"rendered":"<p>Ist das Reisen mit einem Reisebus umweltfreundlich? Ja, denn der Reisebus ist der Klimasch\u00fctzer Nr. 1 und somit sehr umweltfreundlich! Wenn eine Gruppe mit dem Reisebus f\u00e4hrt, sch\u00fctzt sie das Klima und schont Ressourcen. Grund: Der Reisebus ist mit Treibhausgasemissionen von 31 Gramm pro Personenkilometer nicht nur das emissions\u00e4rmste Reiseverkehrsmittel, sondern verbraucht zudem mit 1,4&hellip;&nbsp;<a href=\"https:\/\/eg-reisen.de\/en\/service\/umwelt\/\" rel=\"bookmark\">Read More &raquo;<span class=\"screen-reader-text\">Environment<\/span><\/a><\/p>","protected":false},"author":1,"featured_media":0,"parent":474,"menu_order":0,"comment_status":"closed","ping_status":"closed","template":"page-templates\/template-pagebuilder-full-width.php","meta":{"neve_meta_sidebar":"full-width","neve_meta_container":"","neve_meta_enable_content_width":"on","neve_meta_content_width":100,"neve_meta_title_alignment":"","neve_meta_author_avatar":"","neve_post_elements_order":"","neve_meta_disable_header":"","neve_meta_disable_footer":"","neve_meta_disable_title":"on","footnotes":""},"class_list":["post-747","page","type-page","status-publish","hentry"],"yoast_head":"<!-- This site is optimized with the Yoast SEO plugin v25.4 - https:\/\/yoast.com\/wordpress\/plugins\/seo\/ -->\n<title>Umwelt - EG Bustouristik<\/title>\n<meta name=\"robots\" content=\"index, follow, max-snippet:-1, max-image-preview:large, max-video-preview:-1\" \/>\n<link rel=\"canonical\" href=\"https:\/\/eg-reisen.de\/en\/service\/umwelt\/\" \/>\n<meta property=\"og:locale\" content=\"en_GB\" \/>\n<meta property=\"og:type\" content=\"article\" \/>\n<meta property=\"og:title\" content=\"Umwelt - EG Bustouristik\" \/>\n<meta property=\"og:description\" content=\"Ist das Reisen mit einem Reisebus umweltfreundlich? Ja, denn der Reisebus ist der Klimasch\u00fctzer Nr. 1 und somit sehr umweltfreundlich! Wenn eine Gruppe mit dem Reisebus f\u00e4hrt, sch\u00fctzt sie das Klima und schont Ressourcen. Grund: Der Reisebus ist mit Treibhausgasemissionen von 31 Gramm pro Personenkilometer nicht nur das emissions\u00e4rmste Reiseverkehrsmittel, sondern verbraucht zudem mit 1,4&hellip;&nbsp;Read More &raquo;Umwelt\" \/>\n<meta property=\"og:url\" content=\"https:\/\/eg-reisen.de\/en\/service\/umwelt\/\" \/>\n<meta property=\"og:site_name\" content=\"EG Bustouristik\" \/>\n<meta property=\"article:publisher\" content=\"https:\/\/www.facebook.com\/reisebusvermietung\" \/>\n<meta property=\"article:modified_time\" content=\"2021-07-12T02:41:08+00:00\" \/>\n<meta name=\"twitter:card\" content=\"summary_large_image\" \/>\n<meta name=\"twitter:label1\" content=\"Estimated reading time\" \/>\n\t<meta name=\"twitter:data1\" content=\"1 minute\" \/>\n<script type=\"application\/ld+json\" class=\"yoast-schema-graph\">{\"@context\":\"https:\/\/schema.org\",\"@graph\":[{\"@type\":\"WebPage\",\"@id\":\"https:\/\/eg-reisen.de\/service\/umwelt\/\",\"url\":\"https:\/\/eg-reisen.de\/service\/umwelt\/\",\"name\":\"Umwelt - EG Bustouristik\",\"isPartOf\":{\"@id\":\"https:\/\/eg-reisen.de\/#website\"},\"datePublished\":\"2020-09-02T05:20:51+00:00\",\"dateModified\":\"2021-07-12T02:41:08+00:00\",\"breadcrumb\":{\"@id\":\"https:\/\/eg-reisen.de\/service\/umwelt\/#breadcrumb\"},\"inLanguage\":\"en-GB\",\"potentialAction\":[{\"@type\":\"ReadAction\",\"target\":[\"https:\/\/eg-reisen.de\/service\/umwelt\/\"]}]},{\"@type\":\"BreadcrumbList\",\"@id\":\"https:\/\/eg-reisen.de\/service\/umwelt\/#breadcrumb\",\"itemListElement\":[{\"@type\":\"ListItem\",\"position\":1,\"name\":\"Home\",\"item\":\"https:\/\/eg-reisen.de\/\"},{\"@type\":\"ListItem\",\"position\":2,\"name\":\"Service\",\"item\":\"https:\/\/eg-reisen.de\/service\/\"},{\"@type\":\"ListItem\",\"position\":3,\"name\":\"Umwelt\"}]},{\"@type\":\"WebSite\",\"@id\":\"https:\/\/eg-reisen.de\/#website\",\"url\":\"https:\/\/eg-reisen.de\/\",\"name\":\"EG Bustouristik\",\"description\":\"Ihre Busvermietung in Hamburg\",\"publisher\":{\"@id\":\"https:\/\/eg-reisen.de\/#organization\"},\"potentialAction\":[{\"@type\":\"SearchAction\",\"target\":{\"@type\":\"EntryPoint\",\"urlTemplate\":\"https:\/\/eg-reisen.de\/?s={search_term_string}\"},\"query-input\":{\"@type\":\"PropertyValueSpecification\",\"valueRequired\":true,\"valueName\":\"search_term_string\"}}],\"inLanguage\":\"en-GB\"},{\"@type\":\"Organization\",\"@id\":\"https:\/\/eg-reisen.de\/#organization\",\"name\":\"EG Bustouristik\",\"url\":\"https:\/\/eg-reisen.de\/\",\"logo\":{\"@type\":\"ImageObject\",\"inLanguage\":\"en-GB\",\"@id\":\"https:\/\/eg-reisen.de\/#\/schema\/logo\/image\/\",\"url\":\"https:\/\/eg-reisen.de\/wp-content\/uploads\/2020\/11\/LogoEG.png\",\"contentUrl\":\"https:\/\/eg-reisen.de\/wp-content\/uploads\/2020\/11\/LogoEG.png\",\"width\":1542,\"height\":460,\"caption\":\"EG Bustouristik\"},\"image\":{\"@id\":\"https:\/\/eg-reisen.de\/#\/schema\/logo\/image\/\"},\"sameAs\":[\"https:\/\/www.facebook.com\/reisebusvermietung\"]}]}<\/script>\n<!-- \/ Yoast SEO plugin. -->","yoast_head_json":{"title":"Umwelt - EG Bustouristik","robots":{"index":"index","follow":"follow","max-snippet":"max-snippet:-1","max-image-preview":"max-image-preview:large","max-video-preview":"max-video-preview:-1"},"canonical":"https:\/\/eg-reisen.de\/en\/service\/umwelt\/","og_locale":"en_GB","og_type":"article","og_title":"Umwelt - EG Bustouristik","og_description":"Ist das Reisen mit einem Reisebus umweltfreundlich? Ja, denn der Reisebus ist der Klimasch\u00fctzer Nr. 1 und somit sehr umweltfreundlich! Wenn eine Gruppe mit dem Reisebus f\u00e4hrt, sch\u00fctzt sie das Klima und schont Ressourcen. Grund: Der Reisebus ist mit Treibhausgasemissionen von 31 Gramm pro Personenkilometer nicht nur das emissions\u00e4rmste Reiseverkehrsmittel, sondern verbraucht zudem mit 1,4&hellip;&nbsp;Read More &raquo;Umwelt","og_url":"https:\/\/eg-reisen.de\/en\/service\/umwelt\/","og_site_name":"EG Bustouristik","article_publisher":"https:\/\/www.facebook.com\/reisebusvermietung","article_modified_time":"2021-07-12T02:41:08+00:00","twitter_card":"summary_large_image","twitter_misc":{"Estimated reading time":"1 minute"},"schema":{"@context":"https:\/\/schema.org","@graph":[{"@type":"WebPage","@id":"https:\/\/eg-reisen.de\/service\/umwelt\/","url":"https:\/\/eg-reisen.de\/service\/umwelt\/","name":"Umwelt - EG Bustouristik","isPartOf":{"@id":"https:\/\/eg-reisen.de\/#website"},"datePublished":"2020-09-02T05:20:51+00:00","dateModified":"2021-07-12T02:41:08+00:00","breadcrumb":{"@id":"https:\/\/eg-reisen.de\/service\/umwelt\/#breadcrumb"},"inLanguage":"en-GB","potentialAction":[{"@type":"ReadAction","target":["https:\/\/eg-reisen.de\/service\/umwelt\/"]}]},{"@type":"BreadcrumbList","@id":"https:\/\/eg-reisen.de\/service\/umwelt\/#breadcrumb","itemListElement":[{"@type":"ListItem","position":1,"name":"Home","item":"https:\/\/eg-reisen.de\/"},{"@type":"ListItem","position":2,"name":"Service","item":"https:\/\/eg-reisen.de\/service\/"},{"@type":"ListItem","position":3,"name":"Umwelt"}]},{"@type":"WebSite","@id":"https:\/\/eg-reisen.de\/#website","url":"https:\/\/eg-reisen.de\/","name":"EG Bustouristik","description":"Ihre Busvermietung in Hamburg","publisher":{"@id":"https:\/\/eg-reisen.de\/#organization"},"potentialAction":[{"@type":"SearchAction","target":{"@type":"EntryPoint","urlTemplate":"https:\/\/eg-reisen.de\/?s={search_term_string}"},"query-input":{"@type":"PropertyValueSpecification","valueRequired":true,"valueName":"search_term_string"}}],"inLanguage":"en-GB"},{"@type":"Organization","@id":"https:\/\/eg-reisen.de\/#organization","name":"EG Bustouristik","url":"https:\/\/eg-reisen.de\/","logo":{"@type":"ImageObject","inLanguage":"en-GB","@id":"https:\/\/eg-reisen.de\/#\/schema\/logo\/image\/","url":"https:\/\/eg-reisen.de\/wp-content\/uploads\/2020\/11\/LogoEG.png","contentUrl":"https:\/\/eg-reisen.de\/wp-content\/uploads\/2020\/11\/LogoEG.png","width":1542,"height":460,"caption":"EG Bustouristik"},"image":{"@id":"https:\/\/eg-reisen.de\/#\/schema\/logo\/image\/"},"sameAs":["https:\/\/www.facebook.com\/reisebusvermietung"]}]}},"jetpack_sharing_enabled":true,"_links":{"self":[{"href":"https:\/\/eg-reisen.de\/en\/wp-json\/wp\/v2\/pages\/747","targetHints":{"allow":["GET"]}}],"collection":[{"href":"https:\/\/eg-reisen.de\/en\/wp-json\/wp\/v2\/pages"}],"about":[{"href":"https:\/\/eg-reisen.de\/en\/wp-json\/wp\/v2\/types\/page"}],"author":[{"embeddable":true,"href":"https:\/\/eg-reisen.de\/en\/wp-json\/wp\/v2\/users\/1"}],"replies":[{"embeddable":true,"href":"https:\/\/eg-reisen.de\/en\/wp-json\/wp\/v2\/comments?post=747"}],"version-history":[{"count":10,"href":"https:\/\/eg-reisen.de\/en\/wp-json\/wp\/v2\/pages\/747\/revisions"}],"predecessor-version":[{"id":2133,"href":"https:\/\/eg-reisen.de\/en\/wp-json\/wp\/v2\/pages\/747\/revisions\/2133"}],"up":[{"embeddable":true,"href":"https:\/\/eg-reisen.de\/en\/wp-json\/wp\/v2\/pages\/474"}],"wp:attachment":[{"href":"https:\/\/eg-reisen.de\/en\/wp-json\/wp\/v2\/media?parent=747"}],"curies":[{"name":"wp","href":"https:\/\/api.w.org\/{rel}","templated":true}]}}