{"id":404,"date":"2020-08-06T06:19:59","date_gmt":"2020-08-06T04:19:59","guid":{"rendered":"https:\/\/eg-reisen.de\/?page_id=404"},"modified":"2021-08-14T07:53:12","modified_gmt":"2021-08-14T05:53:12","slug":"klassenfahrt","status":"publish","type":"page","link":"https:\/\/eg-reisen.de\/en\/bus-mieten-fuer\/klassenfahrt\/","title":{"rendered":"School trips"},"content":{"rendered":"<div data-elementor-type=\"wp-page\" data-elementor-id=\"404\" class=\"elementor elementor-404\">\n\t\t\t\t\t\t<section class=\"elementor-section elementor-top-section elementor-element elementor-element-492f910d elementor-section-boxed elementor-section-height-default elementor-section-height-default\" data-id=\"492f910d\" data-element_type=\"section\" data-settings=\"{&quot;background_background&quot;:&quot;classic&quot;}\">\n\t\t\t\t\t\t\t<div class=\"elementor-background-overlay\"><\/div>\n\t\t\t\t\t\t\t<div class=\"elementor-container elementor-column-gap-default\">\n\t\t\t\t\t<div class=\"elementor-column elementor-col-50 elementor-top-column elementor-element elementor-element-35872ab0\" data-id=\"35872ab0\" data-element_type=\"column\">\n\t\t\t<div class=\"elementor-widget-wrap elementor-element-populated\">\n\t\t\t\t\t\t<div class=\"elementor-element elementor-element-2636fa1 elementor-widget elementor-widget-elementskit-heading\" data-id=\"2636fa1\" data-element_type=\"widget\" data-widget_type=\"elementskit-heading.default\">\n\t\t\t\t<div class=\"elementor-widget-container\">\n\t\t\t\t\t<div class=\"ekit-wid-con\" ><div class=\"ekit-heading elementskit-section-title-wraper text_left   ekit_heading_tablet-   ekit_heading_mobile-\"><h3 class=\"elementskit-section-subtitle\">\n\t\t\t\t\t\t#School trip\n\t\t\t\t\t<\/h3><h2 class=\"ekit-heading--title elementskit-section-title\">Rent a bus for a school trip<\/h2>\t\t\t\t<div class='ekit-heading__description'>\n\t\t\t\t\t<h4>Safe school transport for a carefree school trip<\/h4>\n\t\t\t\t<\/div>\n\t\t\t<\/div><\/div>\t\t\t\t<\/div>\n\t\t\t\t<\/div>\n\t\t\t\t<div class=\"elementor-element elementor-element-3ecf81e2 eael-gravity-form-button-custom elementor-widget elementor-widget-eael-gravity-form\" data-id=\"3ecf81e2\" data-element_type=\"widget\" data-widget_type=\"eael-gravity-form.default\">\n\t\t\t\t<div class=\"elementor-widget-container\">\n\t\t\t\t\t\t\t\t<div class=\"eael-contact-form eael-gravity-form title-description-hide eael-contact-form-align-center\">\n\t\t        \t\t\t\t\t<div class=\"eael-gravity-form-heading\">\n\t\t\t\t        \t\t\t\t\t\t\t<h3 class=\"eael-contact-form-title eael-gravity-form-title\">\n\t\t\t\t\t\t        Rent a bus for ...\t\t\t\t\t\t\t<\/h3>\n\t\t\t\t        \t\t\t\t        \t\t\t\t\t<\/div>\n\t\t        <script type=\"text\/javascript\">if(!gform){document.addEventListener(\"gform_main_scripts_loaded\",function(){gform.scriptsLoaded=!0}),window.addEventListener(\"DOMContentLoaded\",function(){gform.domLoaded=!0});var gform={domLoaded:!1,scriptsLoaded:!1,initializeOnLoaded:function(o){gform.domLoaded&&gform.scriptsLoaded?o():!gform.domLoaded&&gform.scriptsLoaded?window.addEventListener(\"DOMContentLoaded\",o):document.addEventListener(\"gform_main_scripts_loaded\",o)},hooks:{action:{},filter:{}},addAction:function(o,n,r,t){gform.addHook(\"action\",o,n,r,t)},addFilter:function(o,n,r,t){gform.addHook(\"filter\",o,n,r,t)},doAction:function(o){gform.doHook(\"action\",o,arguments)},applyFilters:function(o){return gform.doHook(\"filter\",o,arguments)},removeAction:function(o,n){gform.removeHook(\"action\",o,n)},removeFilter:function(o,n,r){gform.removeHook(\"filter\",o,n,r)},addHook:function(o,n,r,t,i){null==gform.hooks[o][n]&&(gform.hooks[o][n]=[]);var e=gform.hooks[o][n];null==i&&(i=n+\"_\"+e.length),null==t&&(t=10),gform.hooks[o][n].push({tag:i,callable:r,priority:t})},doHook:function(o,n,r){if(r=Array.prototype.slice.call(r,1),null!=gform.hooks[o][n]){var t,i=gform.hooks[o][n];i.sort(function(o,n){return o.priority-n.priority});for(var e=0;e<i.length;e++)\"function\"!=typeof(t=i[e].callable)&&(t=window[t]),\"action\"==o?t.apply(null,r):r[0]=t.apply(null,r)}if(\"filter\"==o)return r[0]},removeHook:function(o,n,r,t){if(null!=gform.hooks[o][n])for(var i=gform.hooks[o][n],e=i.length-1;0<=e;e--)null!=t&&t!=i[e].tag||null!=r&&r!=i[e].priority||i.splice(e,1)}}}<\/script>\n                <div class='gf_browser_gecko gform_wrapper gf_simple_horizontal_wrapper gform_legacy_markup_wrapper' id='gform_wrapper_5' ><form method='post' enctype='multipart\/form-data'  id='gform_5' class='gf_simple_horizontal gform_legacy_markup' action='\/en\/wp-json\/wp\/v2\/pages\/404' novalidate data-trp-original-action=\"\/en\/wp-json\/wp\/v2\/pages\/404\">\n                        <div class='gform_body gform-body'><ul id='gform_fields_5' class='gform_fields top_label form_sublabel_below description_below'><li id=\"field_5_1\" class=\"gfield gform_wrapper_5 field_sublabel_below field_description_below hidden_label gfield_visibility_visible\" ><label class='gfield_label' for='input_5_1' >people<\/label><div class='ginput_container ginput_container_number'><input name='input_1' id='input_5_1' type='number' step='any'   value='' class='small'      aria-invalid=\"false\"  \/><\/div><\/li><li id=\"field_5_2\" class=\"gfield gfield_html gfield_html_formatted gfield_no_follows_desc field_sublabel_below field_description_below gfield_visibility_visible\" ><p class=\"font_montserrat\">people<\/p><\/li><li id=\"field_5_3\" class=\"gfield gfield--width-full gform_hidden field_sublabel_below field_description_below gfield_visibility_visible\" ><div class='ginput_container ginput_container_text'><input name='input_3' id='input_5_3' type='hidden' class='gform_hidden'  aria-invalid=\"false\" value='' \/><\/div><\/li><\/ul><\/div>\n        <div class='gform_footer top_label'> <input type='submit' id='gform_submit_button_5' class='gform_button button' value='Request price'  onclick='if(window[\"gf_submitting_5\"]){return false;}  if( !jQuery(\"#gform_5\")[0].checkValidity || jQuery(\"#gform_5\")[0].checkValidity()){window[\"gf_submitting_5\"]=true;}  ' onkeypress='if( event.keyCode == 13 ){ if(window[\"gf_submitting_5\"]){return false;} if( !jQuery(\"#gform_5\")[0].checkValidity || jQuery(\"#gform_5\")[0].checkValidity()){window[\"gf_submitting_5\"]=true;}  jQuery(\"#gform_5\").trigger(\"submit\",[true]); }' \/> \n            <input type='hidden' class='gform_hidden' name='is_submit_5' value='1' \/>\n            <input type='hidden' class='gform_hidden' name='gform_submit' value='5' \/>\n            \n            <input type='hidden' class='gform_hidden' name='gform_unique_id' value='' \/>\n            <input type='hidden' class='gform_hidden' name='state_5' value='WyJbXSIsIjVjYjAxYTM4YWJmZmI3MjIwZmYxMjFlYzYwYjEzNjYwIl0=' \/>\n            <input type='hidden' class='gform_hidden' name='gform_target_page_number_5' id='gform_target_page_number_5' value='0' \/>\n            <input type='hidden' class='gform_hidden' name='gform_source_page_number_5' id='gform_source_page_number_5' value='1' \/>\n            <input type='hidden' name='gform_field_values' value='' \/>\n            \n        <\/div>\n                        <input type=\"hidden\" name=\"trp-form-language\" value=\"en\"\/><\/form>\n                        <\/div>\t\t\t<\/div>\n            \t\t\t\t<\/div>\n\t\t\t\t<\/div>\n\t\t\t\t\t<\/div>\n\t\t<\/div>\n\t\t\t\t<div class=\"elementor-column elementor-col-50 elementor-top-column elementor-element elementor-element-1995ee69\" data-id=\"1995ee69\" data-element_type=\"column\">\n\t\t\t<div class=\"elementor-widget-wrap\">\n\t\t\t\t\t\t\t<\/div>\n\t\t<\/div>\n\t\t\t\t\t<\/div>\n\t\t<\/section>\n\t\t\t\t<section class=\"elementor-section elementor-top-section elementor-element elementor-element-7fc6bc87 elementor-section-boxed elementor-section-height-default elementor-section-height-default\" data-id=\"7fc6bc87\" data-element_type=\"section\" data-settings=\"{&quot;background_background&quot;:&quot;classic&quot;}\">\n\t\t\t\t\t\t<div class=\"elementor-container elementor-column-gap-no\">\n\t\t\t\t\t<div class=\"elementor-column elementor-col-100 elementor-top-column elementor-element elementor-element-5af5e9ab\" data-id=\"5af5e9ab\" data-element_type=\"column\">\n\t\t\t<div class=\"elementor-widget-wrap elementor-element-populated\">\n\t\t\t\t\t\t<section class=\"elementor-section elementor-inner-section elementor-element elementor-element-3a29b1c elementor-section-boxed elementor-section-height-default elementor-section-height-default\" data-id=\"3a29b1c\" data-element_type=\"section\">\n\t\t\t\t\t\t<div class=\"elementor-container elementor-column-gap-default\">\n\t\t\t\t\t<div class=\"elementor-column elementor-col-50 elementor-inner-column elementor-element elementor-element-1d3bc71\" data-id=\"1d3bc71\" data-element_type=\"column\">\n\t\t\t<div class=\"elementor-widget-wrap elementor-element-populated\">\n\t\t\t\t\t\t<div class=\"elementor-element elementor-element-650f781 elementor-widget elementor-widget-text-editor\" data-id=\"650f781\" data-element_type=\"widget\" data-widget_type=\"text-editor.default\">\n\t\t\t\t<div class=\"elementor-widget-container\">\n\t\t\t\t\t\t\t\t\t<h1>Rent a bus for a school trip<\/h1>\nAre you planning a trip or an excursion with your class and looking for a suitable coach company in your area? You can find more information about bus rental and school trips here.\n\nWhether a day trip with your elementary school class to the zoo or a graduation trip with your high school graduate class. The bus including driver picks you and your class directly from the school and brings you comfortably and safely to your destination.\n\nBut before you can start your trip or excursion with us, you have to fill out our <a href=\"\/en\/service\/buspreis-ermitteln\/\">request form<\/a>in advance, then we will send you a non-binding offer at our best conditions as soon as possible.\n\nWe would be happy to accompany you on your school trip \/ excursion.\t\t\t\t\t\t\t\t<\/div>\n\t\t\t\t<\/div>\n\t\t\t\t\t<\/div>\n\t\t<\/div>\n\t\t\t\t<div class=\"elementor-column elementor-col-50 elementor-inner-column elementor-element elementor-element-ec6a17c\" data-id=\"ec6a17c\" data-element_type=\"column\">\n\t\t\t<div class=\"elementor-widget-wrap elementor-element-populated\">\n\t\t\t\t\t\t<div class=\"elementor-element elementor-element-58f574d elementor-widget elementor-widget-text-editor\" data-id=\"58f574d\" data-element_type=\"widget\" data-widget_type=\"text-editor.default\">\n\t\t\t\t<div class=\"elementor-widget-container\">\n\t\t\t\t\t\t\t\t\t[nv-custom-layout id=&#8220;2002&#8243;]\t\t\t\t\t\t\t\t<\/div>\n\t\t\t\t<\/div>\n\t\t\t\t\t<\/div>\n\t\t<\/div>\n\t\t\t\t\t<\/div>\n\t\t<\/section>\n\t\t\t\t\t<\/div>\n\t\t<\/div>\n\t\t\t\t\t<\/div>\n\t\t<\/section>\n\t\t\t\t<section class=\"elementor-section elementor-inner-section elementor-element elementor-element-1f4207a5 elementor-section-boxed elementor-section-height-default elementor-section-height-default\" data-id=\"1f4207a5\" data-element_type=\"section\" id=\"xs_cta_agency\" data-settings=\"{&quot;background_background&quot;:&quot;classic&quot;}\">\n\t\t\t\t\t\t<div class=\"elementor-container elementor-column-gap-no\">\n\t\t\t\t\t<div class=\"elementor-column elementor-col-50 elementor-inner-column elementor-element elementor-element-5a4dbc2e\" data-id=\"5a4dbc2e\" data-element_type=\"column\">\n\t\t\t<div class=\"elementor-widget-wrap elementor-element-populated\">\n\t\t\t\t\t\t<div class=\"elementor-element elementor-element-49e2e91f elementor-widget elementor-widget-elementskit-heading\" data-id=\"49e2e91f\" data-element_type=\"widget\" data-widget_type=\"elementskit-heading.default\">\n\t\t\t\t<div class=\"elementor-widget-container\">\n\t\t\t\t\t<div class=\"ekit-wid-con\" ><div class=\"ekit-heading elementskit-section-title-wraper text_left   ekit_heading_tablet-   ekit_heading_mobile-text_center\"><h2 class=\"ekit-heading--title elementskit-section-title\">Offer for your <span>School trip<\/span><\/h2><\/div><\/div>\t\t\t\t<\/div>\n\t\t\t\t<\/div>\n\t\t\t\t\t<\/div>\n\t\t<\/div>\n\t\t\t\t<div class=\"elementor-column elementor-col-50 elementor-inner-column elementor-element elementor-element-46f56e0\" data-id=\"46f56e0\" data-element_type=\"column\">\n\t\t\t<div class=\"elementor-widget-wrap elementor-element-populated\">\n\t\t\t\t\t\t<div class=\"elementor-element elementor-element-19ac757 eael-gravity-form-button-custom elementor-widget elementor-widget-eael-gravity-form\" data-id=\"19ac757\" data-element_type=\"widget\" data-widget_type=\"eael-gravity-form.default\">\n\t\t\t\t<div class=\"elementor-widget-container\">\n\t\t\t\t\t\t\t\t<div class=\"eael-contact-form eael-gravity-form title-description-hide eael-contact-form-align-center\">\n\t\t        \t\t\t\t\t<div class=\"eael-gravity-form-heading\">\n\t\t\t\t        \t\t\t\t\t\t\t<h3 class=\"eael-contact-form-title eael-gravity-form-title\">\n\t\t\t\t\t\t        Rent a bus for ...\t\t\t\t\t\t\t<\/h3>\n\t\t\t\t        \t\t\t\t        \t\t\t\t\t<\/div>\n\t\t        \n                <div class='gf_browser_gecko gform_wrapper gf_simple_horizontal_wrapper gform_legacy_markup_wrapper' id='gform_wrapper_5' ><form method='post' enctype='multipart\/form-data'  id='gform_5' class='gf_simple_horizontal gform_legacy_markup' action='\/en\/wp-json\/wp\/v2\/pages\/404' novalidate data-trp-original-action=\"\/en\/wp-json\/wp\/v2\/pages\/404\">\n                        <div class='gform_body gform-body'><ul id='gform_fields_5' class='gform_fields top_label form_sublabel_below description_below'><li id=\"field_5_1\" class=\"gfield gform_wrapper_5 field_sublabel_below field_description_below hidden_label gfield_visibility_visible\" ><label class='gfield_label' for='input_5_1' >people<\/label><div class='ginput_container ginput_container_number'><input name='input_1' id='input_5_1' type='number' step='any'   value='' class='small'      aria-invalid=\"false\"  \/><\/div><\/li><li id=\"field_5_2\" class=\"gfield gfield_html gfield_html_formatted gfield_no_follows_desc field_sublabel_below field_description_below gfield_visibility_visible\" ><p class=\"font_montserrat\">people<\/p><\/li><li id=\"field_5_3\" class=\"gfield gfield--width-full gform_hidden field_sublabel_below field_description_below gfield_visibility_visible\" ><div class='ginput_container ginput_container_text'><input name='input_3' id='input_5_3' type='hidden' class='gform_hidden'  aria-invalid=\"false\" value='' \/><\/div><\/li><\/ul><\/div>\n        <div class='gform_footer top_label'> <input type='submit' id='gform_submit_button_5' class='gform_button button' value='Request price'  onclick='if(window[\"gf_submitting_5\"]){return false;}  if( !jQuery(\"#gform_5\")[0].checkValidity || jQuery(\"#gform_5\")[0].checkValidity()){window[\"gf_submitting_5\"]=true;}  ' onkeypress='if( event.keyCode == 13 ){ if(window[\"gf_submitting_5\"]){return false;} if( !jQuery(\"#gform_5\")[0].checkValidity || jQuery(\"#gform_5\")[0].checkValidity()){window[\"gf_submitting_5\"]=true;}  jQuery(\"#gform_5\").trigger(\"submit\",[true]); }' \/> \n            <input type='hidden' class='gform_hidden' name='is_submit_5' value='1' \/>\n            <input type='hidden' class='gform_hidden' name='gform_submit' value='5' \/>\n            \n            <input type='hidden' class='gform_hidden' name='gform_unique_id' value='' \/>\n            <input type='hidden' class='gform_hidden' name='state_5' value='WyJbXSIsIjVjYjAxYTM4YWJmZmI3MjIwZmYxMjFlYzYwYjEzNjYwIl0=' \/>\n            <input type='hidden' class='gform_hidden' name='gform_target_page_number_5' id='gform_target_page_number_5' value='0' \/>\n            <input type='hidden' class='gform_hidden' name='gform_source_page_number_5' id='gform_source_page_number_5' value='1' \/>\n            <input type='hidden' name='gform_field_values' value='' \/>\n            \n        <\/div>\n                        <input type=\"hidden\" name=\"trp-form-language\" value=\"en\"\/><\/form>\n                        <\/div>\t\t\t<\/div>\n            \t\t\t\t<\/div>\n\t\t\t\t<\/div>\n\t\t\t\t\t<\/div>\n\t\t<\/div>\n\t\t\t\t\t<\/div>\n\t\t<\/section>\n\t\t\t\t<\/div>","protected":false},"excerpt":{"rendered":"<p># Schulausflug Einen Bus mieten f\u00fcr eine Klassenfahrt Sichere Sch\u00fclerbef\u00f6rderung f\u00fcr eine sorglose Klassenfahrt Bus mieten f\u00fcr Personen Personen Einen Bus mieten f\u00fcr eine Klassenfahrt Sie planen eine Reise oder einen Ausflug mit Ihrer Klasse und suchen dazu noch ein passendes Reisebusunternehmen in Ihrer N\u00e4he? Dazu finden Sie hier weitere Informationen zur Busvermietung und Klassenausfl\u00fcgen.&hellip;&nbsp;<a href=\"https:\/\/eg-reisen.de\/en\/bus-mieten-fuer\/klassenfahrt\/\" rel=\"bookmark\">Read More &raquo;<span class=\"screen-reader-text\">School trips<\/span><\/a><\/p>","protected":false},"author":1,"featured_media":0,"parent":417,"menu_order":0,"comment_status":"closed","ping_status":"closed","template":"","meta":{"neve_meta_sidebar":"full-width","neve_meta_container":"full-width","neve_meta_enable_content_width":"on","neve_meta_content_width":100,"neve_meta_title_alignment":"","neve_meta_author_avatar":"","neve_post_elements_order":"","neve_meta_disable_header":"","neve_meta_disable_footer":"","neve_meta_disable_title":"on","footnotes":""},"class_list":["post-404","page","type-page","status-publish","hentry"],"yoast_head":"<!-- This site is optimized with the Yoast SEO plugin v25.4 - https:\/\/yoast.com\/wordpress\/plugins\/seo\/ -->\n<title>Bus mieten f\u00fcr Klassenfahrt<\/title>\n<meta name=\"description\" content=\"Bus mieten f\u00fcr Klassenfahrt. Sie planen eine individuelle Fahrt f\u00fcr Ihre Gruppe? Dann sind wir daf\u00fcr der richtige Partner, denn wir unterst\u00fctzen Sie mit unserer touristischen Erfahrung bei der Planung, Organisation und Durchf\u00fchrung Ihres Vorhabens.\" \/>\n<meta name=\"robots\" content=\"index, follow, max-snippet:-1, max-image-preview:large, max-video-preview:-1\" \/>\n<link rel=\"canonical\" href=\"https:\/\/eg-reisen.de\/en\/bus-mieten-fuer\/klassenfahrt\/\" \/>\n<meta property=\"og:locale\" content=\"en_GB\" \/>\n<meta property=\"og:type\" content=\"article\" \/>\n<meta property=\"og:title\" content=\"Bus mieten f\u00fcr Klassenfahrt\" \/>\n<meta property=\"og:description\" content=\"Bus mieten f\u00fcr Klassenfahrt. Sie planen eine individuelle Fahrt f\u00fcr Ihre Gruppe? Dann sind wir daf\u00fcr der richtige Partner, denn wir unterst\u00fctzen Sie mit unserer touristischen Erfahrung bei der Planung, Organisation und Durchf\u00fchrung Ihres Vorhabens.\" \/>\n<meta property=\"og:url\" content=\"https:\/\/eg-reisen.de\/en\/bus-mieten-fuer\/klassenfahrt\/\" \/>\n<meta property=\"og:site_name\" content=\"EG Bustouristik\" \/>\n<meta property=\"article:publisher\" content=\"https:\/\/www.facebook.com\/reisebusvermietung\" \/>\n<meta property=\"article:modified_time\" content=\"2021-08-14T05:53:12+00:00\" \/>\n<meta name=\"twitter:card\" content=\"summary_large_image\" \/>\n<meta name=\"twitter:label1\" content=\"Estimated reading time\" \/>\n\t<meta name=\"twitter:data1\" content=\"1 minute\" \/>\n<script type=\"application\/ld+json\" class=\"yoast-schema-graph\">{\"@context\":\"https:\/\/schema.org\",\"@graph\":[{\"@type\":\"WebPage\",\"@id\":\"https:\/\/eg-reisen.de\/bus-mieten-fuer\/klassenfahrt\/\",\"url\":\"https:\/\/eg-reisen.de\/bus-mieten-fuer\/klassenfahrt\/\",\"name\":\"Bus mieten f\u00fcr Klassenfahrt\",\"isPartOf\":{\"@id\":\"https:\/\/eg-reisen.de\/#website\"},\"datePublished\":\"2020-08-06T04:19:59+00:00\",\"dateModified\":\"2021-08-14T05:53:12+00:00\",\"description\":\"Bus mieten f\u00fcr Klassenfahrt. Sie planen eine individuelle Fahrt f\u00fcr Ihre Gruppe? Dann sind wir daf\u00fcr der richtige Partner, denn wir unterst\u00fctzen Sie mit unserer touristischen Erfahrung bei der Planung, Organisation und Durchf\u00fchrung Ihres Vorhabens.\",\"breadcrumb\":{\"@id\":\"https:\/\/eg-reisen.de\/bus-mieten-fuer\/klassenfahrt\/#breadcrumb\"},\"inLanguage\":\"en-GB\",\"potentialAction\":[{\"@type\":\"ReadAction\",\"target\":[\"https:\/\/eg-reisen.de\/bus-mieten-fuer\/klassenfahrt\/\"]}]},{\"@type\":\"BreadcrumbList\",\"@id\":\"https:\/\/eg-reisen.de\/bus-mieten-fuer\/klassenfahrt\/#breadcrumb\",\"itemListElement\":[{\"@type\":\"ListItem\",\"position\":1,\"name\":\"Home\",\"item\":\"https:\/\/eg-reisen.de\/\"},{\"@type\":\"ListItem\",\"position\":2,\"name\":\"Bus mieten f\u00fcr\",\"item\":\"https:\/\/eg-reisen.de\/bus-mieten-fuer\/\"},{\"@type\":\"ListItem\",\"position\":3,\"name\":\"Klassenfahrten\"}]},{\"@type\":\"WebSite\",\"@id\":\"https:\/\/eg-reisen.de\/#website\",\"url\":\"https:\/\/eg-reisen.de\/\",\"name\":\"EG Bustouristik\",\"description\":\"Ihre Busvermietung in Hamburg\",\"publisher\":{\"@id\":\"https:\/\/eg-reisen.de\/#organization\"},\"potentialAction\":[{\"@type\":\"SearchAction\",\"target\":{\"@type\":\"EntryPoint\",\"urlTemplate\":\"https:\/\/eg-reisen.de\/?s={search_term_string}\"},\"query-input\":{\"@type\":\"PropertyValueSpecification\",\"valueRequired\":true,\"valueName\":\"search_term_string\"}}],\"inLanguage\":\"en-GB\"},{\"@type\":\"Organization\",\"@id\":\"https:\/\/eg-reisen.de\/#organization\",\"name\":\"EG Bustouristik\",\"url\":\"https:\/\/eg-reisen.de\/\",\"logo\":{\"@type\":\"ImageObject\",\"inLanguage\":\"en-GB\",\"@id\":\"https:\/\/eg-reisen.de\/#\/schema\/logo\/image\/\",\"url\":\"https:\/\/eg-reisen.de\/wp-content\/uploads\/2020\/11\/LogoEG.png\",\"contentUrl\":\"https:\/\/eg-reisen.de\/wp-content\/uploads\/2020\/11\/LogoEG.png\",\"width\":1542,\"height\":460,\"caption\":\"EG Bustouristik\"},\"image\":{\"@id\":\"https:\/\/eg-reisen.de\/#\/schema\/logo\/image\/\"},\"sameAs\":[\"https:\/\/www.facebook.com\/reisebusvermietung\"]}]}<\/script>\n<!-- \/ Yoast SEO plugin. -->","yoast_head_json":{"title":"Bus mieten f\u00fcr Klassenfahrt","description":"Bus mieten f\u00fcr Klassenfahrt. Sie planen eine individuelle Fahrt f\u00fcr Ihre Gruppe? Dann sind wir daf\u00fcr der richtige Partner, denn wir unterst\u00fctzen Sie mit unserer touristischen Erfahrung bei der Planung, Organisation und Durchf\u00fchrung Ihres Vorhabens.","robots":{"index":"index","follow":"follow","max-snippet":"max-snippet:-1","max-image-preview":"max-image-preview:large","max-video-preview":"max-video-preview:-1"},"canonical":"https:\/\/eg-reisen.de\/en\/bus-mieten-fuer\/klassenfahrt\/","og_locale":"en_GB","og_type":"article","og_title":"Bus mieten f\u00fcr Klassenfahrt","og_description":"Bus mieten f\u00fcr Klassenfahrt. Sie planen eine individuelle Fahrt f\u00fcr Ihre Gruppe? Dann sind wir daf\u00fcr der richtige Partner, denn wir unterst\u00fctzen Sie mit unserer touristischen Erfahrung bei der Planung, Organisation und Durchf\u00fchrung Ihres Vorhabens.","og_url":"https:\/\/eg-reisen.de\/en\/bus-mieten-fuer\/klassenfahrt\/","og_site_name":"EG Bustouristik","article_publisher":"https:\/\/www.facebook.com\/reisebusvermietung","article_modified_time":"2021-08-14T05:53:12+00:00","twitter_card":"summary_large_image","twitter_misc":{"Estimated reading time":"1 minute"},"schema":{"@context":"https:\/\/schema.org","@graph":[{"@type":"WebPage","@id":"https:\/\/eg-reisen.de\/bus-mieten-fuer\/klassenfahrt\/","url":"https:\/\/eg-reisen.de\/bus-mieten-fuer\/klassenfahrt\/","name":"Bus mieten f\u00fcr Klassenfahrt","isPartOf":{"@id":"https:\/\/eg-reisen.de\/#website"},"datePublished":"2020-08-06T04:19:59+00:00","dateModified":"2021-08-14T05:53:12+00:00","description":"Bus mieten f\u00fcr Klassenfahrt. Sie planen eine individuelle Fahrt f\u00fcr Ihre Gruppe? Dann sind wir daf\u00fcr der richtige Partner, denn wir unterst\u00fctzen Sie mit unserer touristischen Erfahrung bei der Planung, Organisation und Durchf\u00fchrung Ihres Vorhabens.","breadcrumb":{"@id":"https:\/\/eg-reisen.de\/bus-mieten-fuer\/klassenfahrt\/#breadcrumb"},"inLanguage":"en-GB","potentialAction":[{"@type":"ReadAction","target":["https:\/\/eg-reisen.de\/bus-mieten-fuer\/klassenfahrt\/"]}]},{"@type":"BreadcrumbList","@id":"https:\/\/eg-reisen.de\/bus-mieten-fuer\/klassenfahrt\/#breadcrumb","itemListElement":[{"@type":"ListItem","position":1,"name":"Home","item":"https:\/\/eg-reisen.de\/"},{"@type":"ListItem","position":2,"name":"Bus mieten f\u00fcr","item":"https:\/\/eg-reisen.de\/bus-mieten-fuer\/"},{"@type":"ListItem","position":3,"name":"Klassenfahrten"}]},{"@type":"WebSite","@id":"https:\/\/eg-reisen.de\/#website","url":"https:\/\/eg-reisen.de\/","name":"EG Bustouristik","description":"Ihre Busvermietung in Hamburg","publisher":{"@id":"https:\/\/eg-reisen.de\/#organization"},"potentialAction":[{"@type":"SearchAction","target":{"@type":"EntryPoint","urlTemplate":"https:\/\/eg-reisen.de\/?s={search_term_string}"},"query-input":{"@type":"PropertyValueSpecification","valueRequired":true,"valueName":"search_term_string"}}],"inLanguage":"en-GB"},{"@type":"Organization","@id":"https:\/\/eg-reisen.de\/#organization","name":"EG Bustouristik","url":"https:\/\/eg-reisen.de\/","logo":{"@type":"ImageObject","inLanguage":"en-GB","@id":"https:\/\/eg-reisen.de\/#\/schema\/logo\/image\/","url":"https:\/\/eg-reisen.de\/wp-content\/uploads\/2020\/11\/LogoEG.png","contentUrl":"https:\/\/eg-reisen.de\/wp-content\/uploads\/2020\/11\/LogoEG.png","width":1542,"height":460,"caption":"EG Bustouristik"},"image":{"@id":"https:\/\/eg-reisen.de\/#\/schema\/logo\/image\/"},"sameAs":["https:\/\/www.facebook.com\/reisebusvermietung"]}]}},"jetpack_sharing_enabled":true,"_links":{"self":[{"href":"https:\/\/eg-reisen.de\/en\/wp-json\/wp\/v2\/pages\/404","targetHints":{"allow":["GET"]}}],"collection":[{"href":"https:\/\/eg-reisen.de\/en\/wp-json\/wp\/v2\/pages"}],"about":[{"href":"https:\/\/eg-reisen.de\/en\/wp-json\/wp\/v2\/types\/page"}],"author":[{"embeddable":true,"href":"https:\/\/eg-reisen.de\/en\/wp-json\/wp\/v2\/users\/1"}],"replies":[{"embeddable":true,"href":"https:\/\/eg-reisen.de\/en\/wp-json\/wp\/v2\/comments?post=404"}],"version-history":[{"count":11,"href":"https:\/\/eg-reisen.de\/en\/wp-json\/wp\/v2\/pages\/404\/revisions"}],"predecessor-version":[{"id":2332,"href":"https:\/\/eg-reisen.de\/en\/wp-json\/wp\/v2\/pages\/404\/revisions\/2332"}],"up":[{"embeddable":true,"href":"https:\/\/eg-reisen.de\/en\/wp-json\/wp\/v2\/pages\/417"}],"wp:attachment":[{"href":"https:\/\/eg-reisen.de\/en\/wp-json\/wp\/v2\/media?parent=404"}],"curies":[{"name":"wp","href":"https:\/\/api.w.org\/{rel}","templated":true}]}}