{"id":1382,"date":"2021-02-03T10:04:39","date_gmt":"2021-02-03T09:04:39","guid":{"rendered":"https:\/\/eg-reisen.de\/?page_id=1382"},"modified":"2021-07-12T04:26:36","modified_gmt":"2021-07-12T02:26:36","slug":"jobs","status":"publish","type":"page","link":"https:\/\/eg-reisen.de\/en\/service\/jobs\/","title":{"rendered":"Jobs and careers"},"content":{"rendered":"<div data-elementor-type=\"wp-page\" data-elementor-id=\"1382\" class=\"elementor elementor-1382\">\n\t\t\t\t\t\t<section class=\"elementor-section elementor-top-section elementor-element elementor-element-fa71400 elementor-section-boxed elementor-section-height-default elementor-section-height-default\" data-id=\"fa71400\" data-element_type=\"section\" data-settings=\"{&quot;background_background&quot;:&quot;classic&quot;}\">\n\t\t\t\t\t\t\t<div class=\"elementor-background-overlay\"><\/div>\n\t\t\t\t\t\t\t<div class=\"elementor-container elementor-column-gap-default\">\n\t\t\t\t\t<div class=\"elementor-column elementor-col-50 elementor-top-column elementor-element elementor-element-618df7a\" data-id=\"618df7a\" data-element_type=\"column\">\n\t\t\t<div class=\"elementor-widget-wrap elementor-element-populated\">\n\t\t\t\t\t\t<div class=\"elementor-element elementor-element-66d2b6e elementor-widget elementor-widget-elementskit-heading\" data-id=\"66d2b6e\" data-element_type=\"widget\" data-widget_type=\"elementskit-heading.default\">\n\t\t\t\t<div class=\"elementor-widget-container\">\n\t\t\t\t\t<div class=\"ekit-wid-con\" ><div class=\"ekit-heading elementskit-section-title-wraper text_left   ekit_heading_tablet-   ekit_heading_mobile-\"><h3 class=\"elementskit-section-subtitle\">\n\t\t\t\t\t\t#Job market\n\t\t\t\t\t<\/h3><h2 class=\"ekit-heading--title elementskit-section-title\">Jobs<\/h2>\t\t\t\t<div class='ekit-heading__description'>\n\t\t\t\t\t<h4>Become a member of our team now<\/h4>\n\t\t\t\t<\/div>\n\t\t\t<\/div><\/div>\t\t\t\t<\/div>\n\t\t\t\t<\/div>\n\t\t\t\t<div class=\"elementor-element elementor-element-290f3c8 eael-gravity-form-button-custom elementor-widget elementor-widget-eael-gravity-form\" data-id=\"290f3c8\" data-element_type=\"widget\" data-widget_type=\"eael-gravity-form.default\">\n\t\t\t\t<div class=\"elementor-widget-container\">\n\t\t\t\t\t\t\t\t<div class=\"eael-contact-form eael-gravity-form title-description-hide eael-contact-form-align-center\">\n\t\t        \t\t\t\t\t<div class=\"eael-gravity-form-heading\">\n\t\t\t\t        \t\t\t\t\t\t\t<h3 class=\"eael-contact-form-title eael-gravity-form-title\">\n\t\t\t\t\t\t        Rent a bus for ...\t\t\t\t\t\t\t<\/h3>\n\t\t\t\t        \t\t\t\t        \t\t\t\t\t<\/div>\n\t\t        <script type=\"text\/javascript\">if(!gform){document.addEventListener(\"gform_main_scripts_loaded\",function(){gform.scriptsLoaded=!0}),window.addEventListener(\"DOMContentLoaded\",function(){gform.domLoaded=!0});var gform={domLoaded:!1,scriptsLoaded:!1,initializeOnLoaded:function(o){gform.domLoaded&&gform.scriptsLoaded?o():!gform.domLoaded&&gform.scriptsLoaded?window.addEventListener(\"DOMContentLoaded\",o):document.addEventListener(\"gform_main_scripts_loaded\",o)},hooks:{action:{},filter:{}},addAction:function(o,n,r,t){gform.addHook(\"action\",o,n,r,t)},addFilter:function(o,n,r,t){gform.addHook(\"filter\",o,n,r,t)},doAction:function(o){gform.doHook(\"action\",o,arguments)},applyFilters:function(o){return gform.doHook(\"filter\",o,arguments)},removeAction:function(o,n){gform.removeHook(\"action\",o,n)},removeFilter:function(o,n,r){gform.removeHook(\"filter\",o,n,r)},addHook:function(o,n,r,t,i){null==gform.hooks[o][n]&&(gform.hooks[o][n]=[]);var e=gform.hooks[o][n];null==i&&(i=n+\"_\"+e.length),null==t&&(t=10),gform.hooks[o][n].push({tag:i,callable:r,priority:t})},doHook:function(o,n,r){if(r=Array.prototype.slice.call(r,1),null!=gform.hooks[o][n]){var t,i=gform.hooks[o][n];i.sort(function(o,n){return o.priority-n.priority});for(var e=0;e<i.length;e++)\"function\"!=typeof(t=i[e].callable)&&(t=window[t]),\"action\"==o?t.apply(null,r):r[0]=t.apply(null,r)}if(\"filter\"==o)return r[0]},removeHook:function(o,n,r,t){if(null!=gform.hooks[o][n])for(var i=gform.hooks[o][n],e=i.length-1;0<=e;e--)null!=t&&t!=i[e].tag||null!=r&&r!=i[e].priority||i.splice(e,1)}}}<\/script>\n                <div class='gf_browser_gecko gform_wrapper gf_simple_horizontal_wrapper gform_legacy_markup_wrapper' id='gform_wrapper_8' ><form method='post' enctype='multipart\/form-data'  id='gform_8' class='gf_simple_horizontal gform_legacy_markup' action='\/en\/wp-json\/wp\/v2\/pages\/1382' novalidate data-trp-original-action=\"\/en\/wp-json\/wp\/v2\/pages\/1382\">\n                        <div class='gform_body gform-body'><ul id='gform_fields_8' class='gform_fields top_label form_sublabel_below description_below'><li id=\"field_8_1\" class=\"gfield gfield--width-half gform_wrapper_5 field_sublabel_below field_description_below hidden_label gfield_visibility_visible\" ><label class='gfield_label' for='input_8_1' >people<\/label><div class='ginput_container ginput_container_number'><input name='input_1' id='input_8_1' type='number' step='any'   value='' class='medium'      aria-invalid=\"false\"  \/><\/div><\/li><li id=\"field_8_2\" class=\"gfield gfield--width-half gfield_html gfield_html_formatted gfield_no_follows_desc field_sublabel_below field_description_below gfield_visibility_visible\" ><p class=\"font_montserrat\">people<\/p><\/li><li id=\"field_8_3\" class=\"gfield gfield--width-full gform_hidden field_sublabel_below field_description_below gfield_visibility_visible\" ><div class='ginput_container ginput_container_text'><input name='input_3' id='input_8_3' type='hidden' class='gform_hidden'  aria-invalid=\"false\" value='' \/><\/div><\/li><\/ul><\/div>\n        <div class='gform_footer top_label'> <input type='submit' id='gform_submit_button_8' class='gform_button button' value='Request price'  onclick='if(window[\"gf_submitting_8\"]){return false;}  if( !jQuery(\"#gform_8\")[0].checkValidity || jQuery(\"#gform_8\")[0].checkValidity()){window[\"gf_submitting_8\"]=true;}  ' onkeypress='if( event.keyCode == 13 ){ if(window[\"gf_submitting_8\"]){return false;} if( !jQuery(\"#gform_8\")[0].checkValidity || jQuery(\"#gform_8\")[0].checkValidity()){window[\"gf_submitting_8\"]=true;}  jQuery(\"#gform_8\").trigger(\"submit\",[true]); }' \/> \n            <input type='hidden' class='gform_hidden' name='is_submit_8' value='1' \/>\n            <input type='hidden' class='gform_hidden' name='gform_submit' value='8' \/>\n            \n            <input type='hidden' class='gform_hidden' name='gform_unique_id' value='' \/>\n            <input type='hidden' class='gform_hidden' name='state_8' value='WyJbXSIsIjVjYjAxYTM4YWJmZmI3MjIwZmYxMjFlYzYwYjEzNjYwIl0=' \/>\n            <input type='hidden' class='gform_hidden' name='gform_target_page_number_8' id='gform_target_page_number_8' value='0' \/>\n            <input type='hidden' class='gform_hidden' name='gform_source_page_number_8' id='gform_source_page_number_8' value='1' \/>\n            <input type='hidden' name='gform_field_values' value='' \/>\n            \n        <\/div>\n                        <input type=\"hidden\" name=\"trp-form-language\" value=\"en\"\/><\/form>\n                        <\/div>\t\t\t<\/div>\n            \t\t\t\t<\/div>\n\t\t\t\t<\/div>\n\t\t\t\t\t<\/div>\n\t\t<\/div>\n\t\t\t\t<div class=\"elementor-column elementor-col-50 elementor-top-column elementor-element elementor-element-f45c073\" data-id=\"f45c073\" data-element_type=\"column\">\n\t\t\t<div class=\"elementor-widget-wrap\">\n\t\t\t\t\t\t\t<\/div>\n\t\t<\/div>\n\t\t\t\t\t<\/div>\n\t\t<\/section>\n\t\t\t\t<section class=\"elementor-section elementor-top-section elementor-element elementor-element-70d9d6b elementor-section-boxed elementor-section-height-default elementor-section-height-default\" data-id=\"70d9d6b\" data-element_type=\"section\">\n\t\t\t\t\t\t<div class=\"elementor-container elementor-column-gap-default\">\n\t\t\t\t\t<div class=\"elementor-column elementor-col-100 elementor-top-column elementor-element elementor-element-7d93702\" data-id=\"7d93702\" data-element_type=\"column\">\n\t\t\t<div class=\"elementor-widget-wrap elementor-element-populated\">\n\t\t\t\t\t\t<div class=\"elementor-element elementor-element-af9a6c8 elementor-widget elementor-widget-spacer\" data-id=\"af9a6c8\" data-element_type=\"widget\" data-widget_type=\"spacer.default\">\n\t\t\t\t<div class=\"elementor-widget-container\">\n\t\t\t\t\t\t\t<div class=\"elementor-spacer\">\n\t\t\t<div class=\"elementor-spacer-inner\"><\/div>\n\t\t<\/div>\n\t\t\t\t\t\t<\/div>\n\t\t\t\t<\/div>\n\t\t\t\t\t<\/div>\n\t\t<\/div>\n\t\t\t\t\t<\/div>\n\t\t<\/section>\n\t\t\t\t<section class=\"elementor-section elementor-top-section elementor-element elementor-element-5b832f55 elementor-section-boxed elementor-section-height-default elementor-section-height-default\" data-id=\"5b832f55\" data-element_type=\"section\">\n\t\t\t\t\t\t<div class=\"elementor-container elementor-column-gap-default\">\n\t\t\t\t\t<div class=\"elementor-column elementor-col-50 elementor-top-column elementor-element elementor-element-6a55433d\" data-id=\"6a55433d\" data-element_type=\"column\">\n\t\t\t<div class=\"elementor-widget-wrap elementor-element-populated\">\n\t\t\t\t\t\t<div class=\"elementor-element elementor-element-6dda26e6 elementor-widget elementor-widget-text-editor\" data-id=\"6dda26e6\" data-element_type=\"widget\" data-widget_type=\"text-editor.default\">\n\t\t\t\t<div class=\"elementor-widget-container\">\n\t\t\t\t\t\t\t\t\t<h1>Jobs &amp; careers<\/h1><p><strong><img fetchpriority=\"high\" decoding=\"async\" class=\"alignright wp-image-1507 size-medium\" src=\"https:\/\/eg-reisen.de\/wp-content\/uploads\/2021\/03\/Zertifikat_2021_Aufkleber-fuerWeb-246x300.png\" alt=\"Wir sichern Qualit\u00e4t durch duale Ausbildung\" width=\"246\" height=\"300\" srcset=\"https:\/\/eg-reisen.de\/wp-content\/uploads\/2021\/03\/Zertifikat_2021_Aufkleber-fuerWeb-246x300.png 246w, https:\/\/eg-reisen.de\/wp-content\/uploads\/2021\/03\/Zertifikat_2021_Aufkleber-fuerWeb.png 620w\" sizes=\"(max-width: 246px) 100vw, 246px\" \/><\/strong><\/p><p>EG Bustouristik- und Reiseveranstaltungs GmbH is a Germany-wide service company in the tourism industry that has established itself as a specialist in the organization and implementation of bus trips of all kinds throughout Europe.<br \/>This project can only be realized with a trained and competent team.<br \/>With us you get the chance to enjoy an extensive apprenticeship with constantly growing tasks.<br \/>Due to our extensive experience in the training of specialists, we are qualified to train people in the tourism and commercial sector (e.g. clerk for office management).<\/p><p><strong>&gt;&gt;&gt; Unfortunately there are currently no vacancies<\/strong><\/p>\t\t\t\t\t\t\t\t<\/div>\n\t\t\t\t<\/div>\n\t\t\t\t\t<\/div>\n\t\t<\/div>\n\t\t\t\t<div class=\"elementor-column elementor-col-50 elementor-top-column elementor-element elementor-element-85486e1\" data-id=\"85486e1\" data-element_type=\"column\">\n\t\t\t<div class=\"elementor-widget-wrap elementor-element-populated\">\n\t\t\t\t\t\t<div class=\"elementor-element elementor-element-71d246e elementor-widget elementor-widget-text-editor\" data-id=\"71d246e\" data-element_type=\"widget\" data-widget_type=\"text-editor.default\">\n\t\t\t\t<div class=\"elementor-widget-container\">\n\t\t\t\t\t\t\t\t\t[nv-custom-layout id=&#8220;2002&#8243;]\t\t\t\t\t\t\t\t<\/div>\n\t\t\t\t<\/div>\n\t\t\t\t\t<\/div>\n\t\t<\/div>\n\t\t\t\t\t<\/div>\n\t\t<\/section>\n\t\t\t\t<\/div>","protected":false},"excerpt":{"rendered":"<p># Stellenmarkt Jobs Werden Sie jetzt Mitglied in unserem Team Bus mieten f\u00fcr Personen Personen Jobs &amp; Karriere Die EG Bustouristik- und Reiseveranstaltungs GmbH ist ein deutschlandweit t\u00e4tiges Dienstleistungsunternehmen in der Tourismusbranche, das sich zum Spezialisten in der Organisation und Durchf\u00fchrung von Busfahrten aller Art im gesamteurop\u00e4ischen Raum etabliert hat.Dieses Vorhaben ist nur mit einem&hellip;&nbsp;<a href=\"https:\/\/eg-reisen.de\/en\/service\/jobs\/\" rel=\"bookmark\">Read More &raquo;<span class=\"screen-reader-text\">Jobs and careers<\/span><\/a><\/p>","protected":false},"author":1,"featured_media":0,"parent":474,"menu_order":0,"comment_status":"closed","ping_status":"closed","template":"page-templates\/template-pagebuilder-full-width.php","meta":{"neve_meta_sidebar":"full-width","neve_meta_container":"","neve_meta_enable_content_width":"on","neve_meta_content_width":100,"neve_meta_title_alignment":"","neve_meta_author_avatar":"","neve_post_elements_order":"","neve_meta_disable_header":"","neve_meta_disable_footer":"","neve_meta_disable_title":"on","footnotes":""},"class_list":["post-1382","page","type-page","status-publish","hentry"],"yoast_head":"<!-- This site is optimized with the Yoast SEO plugin v25.4 - https:\/\/yoast.com\/wordpress\/plugins\/seo\/ -->\n<title>EG Bustouristik<\/title>\n<meta name=\"robots\" content=\"index, follow, max-snippet:-1, max-image-preview:large, max-video-preview:-1\" \/>\n<link rel=\"canonical\" href=\"https:\/\/eg-reisen.de\/en\/service\/jobs\/\" \/>\n<meta property=\"og:locale\" content=\"en_GB\" \/>\n<meta property=\"og:type\" content=\"article\" \/>\n<meta property=\"og:title\" content=\"EG Bustouristik\" \/>\n<meta property=\"og:description\" content=\"# Stellenmarkt Jobs Werden Sie jetzt Mitglied in unserem Team Bus mieten f\u00fcr Personen Personen Jobs &amp; Karriere Die EG Bustouristik- und Reiseveranstaltungs GmbH ist ein deutschlandweit t\u00e4tiges Dienstleistungsunternehmen in der Tourismusbranche, das sich zum Spezialisten in der Organisation und Durchf\u00fchrung von Busfahrten aller Art im gesamteurop\u00e4ischen Raum etabliert hat.Dieses Vorhaben ist nur mit einem&hellip;&nbsp;Read More &raquo;Jobs und Karriere\" \/>\n<meta property=\"og:url\" content=\"https:\/\/eg-reisen.de\/en\/service\/jobs\/\" \/>\n<meta property=\"og:site_name\" content=\"EG Bustouristik\" \/>\n<meta property=\"article:publisher\" content=\"https:\/\/www.facebook.com\/reisebusvermietung\" \/>\n<meta property=\"article:modified_time\" content=\"2021-07-12T02:26:36+00:00\" \/>\n<meta property=\"og:image\" content=\"https:\/\/eg-reisen.de\/wp-content\/uploads\/2021\/03\/Zertifikat_2021_Aufkleber-fuerWeb-246x300.png\" \/>\n<meta name=\"twitter:card\" content=\"summary_large_image\" \/>\n<meta name=\"twitter:label1\" content=\"Estimated reading time\" \/>\n\t<meta name=\"twitter:data1\" content=\"1 minute\" \/>\n<script type=\"application\/ld+json\" class=\"yoast-schema-graph\">{\"@context\":\"https:\/\/schema.org\",\"@graph\":[{\"@type\":\"WebPage\",\"@id\":\"https:\/\/eg-reisen.de\/service\/jobs\/\",\"url\":\"https:\/\/eg-reisen.de\/service\/jobs\/\",\"name\":\"EG Bustouristik\",\"isPartOf\":{\"@id\":\"https:\/\/eg-reisen.de\/#website\"},\"primaryImageOfPage\":{\"@id\":\"https:\/\/eg-reisen.de\/service\/jobs\/#primaryimage\"},\"image\":{\"@id\":\"https:\/\/eg-reisen.de\/service\/jobs\/#primaryimage\"},\"thumbnailUrl\":\"https:\/\/eg-reisen.de\/wp-content\/uploads\/2021\/03\/Zertifikat_2021_Aufkleber-fuerWeb-246x300.png\",\"datePublished\":\"2021-02-03T09:04:39+00:00\",\"dateModified\":\"2021-07-12T02:26:36+00:00\",\"breadcrumb\":{\"@id\":\"https:\/\/eg-reisen.de\/service\/jobs\/#breadcrumb\"},\"inLanguage\":\"en-GB\",\"potentialAction\":[{\"@type\":\"ReadAction\",\"target\":[\"https:\/\/eg-reisen.de\/service\/jobs\/\"]}]},{\"@type\":\"ImageObject\",\"inLanguage\":\"en-GB\",\"@id\":\"https:\/\/eg-reisen.de\/service\/jobs\/#primaryimage\",\"url\":\"https:\/\/eg-reisen.de\/wp-content\/uploads\/2021\/03\/Zertifikat_2021_Aufkleber-fuerWeb-246x300.png\",\"contentUrl\":\"https:\/\/eg-reisen.de\/wp-content\/uploads\/2021\/03\/Zertifikat_2021_Aufkleber-fuerWeb-246x300.png\"},{\"@type\":\"BreadcrumbList\",\"@id\":\"https:\/\/eg-reisen.de\/service\/jobs\/#breadcrumb\",\"itemListElement\":[{\"@type\":\"ListItem\",\"position\":1,\"name\":\"Home\",\"item\":\"https:\/\/eg-reisen.de\/\"},{\"@type\":\"ListItem\",\"position\":2,\"name\":\"Service\",\"item\":\"https:\/\/eg-reisen.de\/service\/\"},{\"@type\":\"ListItem\",\"position\":3,\"name\":\"Jobs und Karriere\"}]},{\"@type\":\"WebSite\",\"@id\":\"https:\/\/eg-reisen.de\/#website\",\"url\":\"https:\/\/eg-reisen.de\/\",\"name\":\"EG Bustouristik\",\"description\":\"Ihre Busvermietung in Hamburg\",\"publisher\":{\"@id\":\"https:\/\/eg-reisen.de\/#organization\"},\"potentialAction\":[{\"@type\":\"SearchAction\",\"target\":{\"@type\":\"EntryPoint\",\"urlTemplate\":\"https:\/\/eg-reisen.de\/?s={search_term_string}\"},\"query-input\":{\"@type\":\"PropertyValueSpecification\",\"valueRequired\":true,\"valueName\":\"search_term_string\"}}],\"inLanguage\":\"en-GB\"},{\"@type\":\"Organization\",\"@id\":\"https:\/\/eg-reisen.de\/#organization\",\"name\":\"EG Bustouristik\",\"url\":\"https:\/\/eg-reisen.de\/\",\"logo\":{\"@type\":\"ImageObject\",\"inLanguage\":\"en-GB\",\"@id\":\"https:\/\/eg-reisen.de\/#\/schema\/logo\/image\/\",\"url\":\"https:\/\/eg-reisen.de\/wp-content\/uploads\/2020\/11\/LogoEG.png\",\"contentUrl\":\"https:\/\/eg-reisen.de\/wp-content\/uploads\/2020\/11\/LogoEG.png\",\"width\":1542,\"height\":460,\"caption\":\"EG Bustouristik\"},\"image\":{\"@id\":\"https:\/\/eg-reisen.de\/#\/schema\/logo\/image\/\"},\"sameAs\":[\"https:\/\/www.facebook.com\/reisebusvermietung\"]}]}<\/script>\n<!-- \/ Yoast SEO plugin. -->","yoast_head_json":{"title":"EG Bustouristik","robots":{"index":"index","follow":"follow","max-snippet":"max-snippet:-1","max-image-preview":"max-image-preview:large","max-video-preview":"max-video-preview:-1"},"canonical":"https:\/\/eg-reisen.de\/en\/service\/jobs\/","og_locale":"en_GB","og_type":"article","og_title":"EG Bustouristik","og_description":"# Stellenmarkt Jobs Werden Sie jetzt Mitglied in unserem Team Bus mieten f\u00fcr Personen Personen Jobs &amp; Karriere Die EG Bustouristik- und Reiseveranstaltungs GmbH ist ein deutschlandweit t\u00e4tiges Dienstleistungsunternehmen in der Tourismusbranche, das sich zum Spezialisten in der Organisation und Durchf\u00fchrung von Busfahrten aller Art im gesamteurop\u00e4ischen Raum etabliert hat.Dieses Vorhaben ist nur mit einem&hellip;&nbsp;Read More &raquo;Jobs und Karriere","og_url":"https:\/\/eg-reisen.de\/en\/service\/jobs\/","og_site_name":"EG Bustouristik","article_publisher":"https:\/\/www.facebook.com\/reisebusvermietung","article_modified_time":"2021-07-12T02:26:36+00:00","og_image":[{"url":"https:\/\/eg-reisen.de\/wp-content\/uploads\/2021\/03\/Zertifikat_2021_Aufkleber-fuerWeb-246x300.png","type":"","width":"","height":""}],"twitter_card":"summary_large_image","twitter_misc":{"Estimated reading time":"1 minute"},"schema":{"@context":"https:\/\/schema.org","@graph":[{"@type":"WebPage","@id":"https:\/\/eg-reisen.de\/service\/jobs\/","url":"https:\/\/eg-reisen.de\/service\/jobs\/","name":"EG Bustouristik","isPartOf":{"@id":"https:\/\/eg-reisen.de\/#website"},"primaryImageOfPage":{"@id":"https:\/\/eg-reisen.de\/service\/jobs\/#primaryimage"},"image":{"@id":"https:\/\/eg-reisen.de\/service\/jobs\/#primaryimage"},"thumbnailUrl":"https:\/\/eg-reisen.de\/wp-content\/uploads\/2021\/03\/Zertifikat_2021_Aufkleber-fuerWeb-246x300.png","datePublished":"2021-02-03T09:04:39+00:00","dateModified":"2021-07-12T02:26:36+00:00","breadcrumb":{"@id":"https:\/\/eg-reisen.de\/service\/jobs\/#breadcrumb"},"inLanguage":"en-GB","potentialAction":[{"@type":"ReadAction","target":["https:\/\/eg-reisen.de\/service\/jobs\/"]}]},{"@type":"ImageObject","inLanguage":"en-GB","@id":"https:\/\/eg-reisen.de\/service\/jobs\/#primaryimage","url":"https:\/\/eg-reisen.de\/wp-content\/uploads\/2021\/03\/Zertifikat_2021_Aufkleber-fuerWeb-246x300.png","contentUrl":"https:\/\/eg-reisen.de\/wp-content\/uploads\/2021\/03\/Zertifikat_2021_Aufkleber-fuerWeb-246x300.png"},{"@type":"BreadcrumbList","@id":"https:\/\/eg-reisen.de\/service\/jobs\/#breadcrumb","itemListElement":[{"@type":"ListItem","position":1,"name":"Home","item":"https:\/\/eg-reisen.de\/"},{"@type":"ListItem","position":2,"name":"Service","item":"https:\/\/eg-reisen.de\/service\/"},{"@type":"ListItem","position":3,"name":"Jobs und Karriere"}]},{"@type":"WebSite","@id":"https:\/\/eg-reisen.de\/#website","url":"https:\/\/eg-reisen.de\/","name":"EG Bustouristik","description":"Ihre Busvermietung in Hamburg","publisher":{"@id":"https:\/\/eg-reisen.de\/#organization"},"potentialAction":[{"@type":"SearchAction","target":{"@type":"EntryPoint","urlTemplate":"https:\/\/eg-reisen.de\/?s={search_term_string}"},"query-input":{"@type":"PropertyValueSpecification","valueRequired":true,"valueName":"search_term_string"}}],"inLanguage":"en-GB"},{"@type":"Organization","@id":"https:\/\/eg-reisen.de\/#organization","name":"EG Bustouristik","url":"https:\/\/eg-reisen.de\/","logo":{"@type":"ImageObject","inLanguage":"en-GB","@id":"https:\/\/eg-reisen.de\/#\/schema\/logo\/image\/","url":"https:\/\/eg-reisen.de\/wp-content\/uploads\/2020\/11\/LogoEG.png","contentUrl":"https:\/\/eg-reisen.de\/wp-content\/uploads\/2020\/11\/LogoEG.png","width":1542,"height":460,"caption":"EG Bustouristik"},"image":{"@id":"https:\/\/eg-reisen.de\/#\/schema\/logo\/image\/"},"sameAs":["https:\/\/www.facebook.com\/reisebusvermietung"]}]}},"jetpack_sharing_enabled":true,"_links":{"self":[{"href":"https:\/\/eg-reisen.de\/en\/wp-json\/wp\/v2\/pages\/1382","targetHints":{"allow":["GET"]}}],"collection":[{"href":"https:\/\/eg-reisen.de\/en\/wp-json\/wp\/v2\/pages"}],"about":[{"href":"https:\/\/eg-reisen.de\/en\/wp-json\/wp\/v2\/types\/page"}],"author":[{"embeddable":true,"href":"https:\/\/eg-reisen.de\/en\/wp-json\/wp\/v2\/users\/1"}],"replies":[{"embeddable":true,"href":"https:\/\/eg-reisen.de\/en\/wp-json\/wp\/v2\/comments?post=1382"}],"version-history":[{"count":10,"href":"https:\/\/eg-reisen.de\/en\/wp-json\/wp\/v2\/pages\/1382\/revisions"}],"predecessor-version":[{"id":2123,"href":"https:\/\/eg-reisen.de\/en\/wp-json\/wp\/v2\/pages\/1382\/revisions\/2123"}],"up":[{"embeddable":true,"href":"https:\/\/eg-reisen.de\/en\/wp-json\/wp\/v2\/pages\/474"}],"wp:attachment":[{"href":"https:\/\/eg-reisen.de\/en\/wp-json\/wp\/v2\/media?parent=1382"}],"curies":[{"name":"wp","href":"https:\/\/api.w.org\/{rel}","templated":true}]}}