{"id":13,"date":"2020-04-25T04:37:31","date_gmt":"2020-04-25T02:37:31","guid":{"rendered":"https:\/\/eg-reisen.de\/?page_id=13"},"modified":"2021-07-12T05:10:04","modified_gmt":"2021-07-12T03:10:04","slug":"team","status":"publish","type":"page","link":"https:\/\/eg-reisen.de\/en\/ueber-uns\/team\/","title":{"rendered":"Team"},"content":{"rendered":"<div data-elementor-type=\"wp-page\" data-elementor-id=\"13\" class=\"elementor elementor-13\">\n\t\t\t\t\t\t<section class=\"elementor-section elementor-top-section elementor-element elementor-element-4a6ed3d4 elementor-section-boxed elementor-section-height-default elementor-section-height-default\" data-id=\"4a6ed3d4\" data-element_type=\"section\">\n\t\t\t\t\t\t<div class=\"elementor-container elementor-column-gap-default\">\n\t\t\t\t\t<div class=\"elementor-column elementor-col-100 elementor-top-column elementor-element elementor-element-32d1e409\" data-id=\"32d1e409\" data-element_type=\"column\">\n\t\t\t<div class=\"elementor-widget-wrap elementor-element-populated\">\n\t\t\t\t\t\t<section class=\"elementor-section elementor-inner-section elementor-element elementor-element-93326d7 elementor-section-boxed elementor-section-height-default elementor-section-height-default\" data-id=\"93326d7\" data-element_type=\"section\">\n\t\t\t\t\t\t<div class=\"elementor-container elementor-column-gap-default\">\n\t\t\t\t\t<div class=\"elementor-column elementor-col-50 elementor-inner-column elementor-element elementor-element-c8ec185\" data-id=\"c8ec185\" data-element_type=\"column\">\n\t\t\t<div class=\"elementor-widget-wrap elementor-element-populated\">\n\t\t\t\t\t\t<div class=\"elementor-element elementor-element-b5e93cb elementor-widget elementor-widget-text-editor\" data-id=\"b5e93cb\" data-element_type=\"widget\" data-widget_type=\"text-editor.default\">\n\t\t\t\t<div class=\"elementor-widget-container\">\n\t\t\t\t\t\t\t\t\t<h1>Our team<\/h1>\n<p>The committed team of EG Bustouristik is at your side with over 25 years of experience in the organization and implementation of your individual bus trip.<\/p>\n<p>Each individual contributes significantly to the success of our company with their personality, ideas and tourism know-how.<\/p>\n<p>You benefit from our experience and rely on our expertise when handling your group travel or event.<\/p>\n<p>We look forward to your call, email or visit!<\/p>\t\t\t\t\t\t\t\t<\/div>\n\t\t\t\t<\/div>\n\t\t\t\t\t<\/div>\n\t\t<\/div>\n\t\t\t\t<div class=\"elementor-column elementor-col-50 elementor-inner-column elementor-element elementor-element-a5ba5b3\" data-id=\"a5ba5b3\" data-element_type=\"column\">\n\t\t\t<div class=\"elementor-widget-wrap elementor-element-populated\">\n\t\t\t\t\t\t<div class=\"elementor-element elementor-element-4d85d33 elementor-widget elementor-widget-image\" data-id=\"4d85d33\" data-element_type=\"widget\" data-widget_type=\"image.default\">\n\t\t\t\t<div class=\"elementor-widget-container\">\n\t\t\t\t\t\t\t\t\t\t\t\t\t\t\t<img fetchpriority=\"high\" decoding=\"async\" width=\"1024\" height=\"682\" src=\"https:\/\/eg-reisen.de\/wp-content\/uploads\/2021\/02\/Team-1024x682.jpg\" class=\"attachment-large size-large wp-image-1450\" alt=\"\" srcset=\"https:\/\/eg-reisen.de\/wp-content\/uploads\/2021\/02\/Team-1024x682.jpg 1024w, https:\/\/eg-reisen.de\/wp-content\/uploads\/2021\/02\/Team-300x200.jpg 300w, https:\/\/eg-reisen.de\/wp-content\/uploads\/2021\/02\/Team-768x512.jpg 768w, https:\/\/eg-reisen.de\/wp-content\/uploads\/2021\/02\/Team-930x620.jpg 930w, https:\/\/eg-reisen.de\/wp-content\/uploads\/2021\/02\/Team.jpg 1280w\" sizes=\"(max-width: 1024px) 100vw, 1024px\" \/>\t\t\t\t\t\t\t\t\t\t\t\t\t\t\t<\/div>\n\t\t\t\t<\/div>\n\t\t\t\t\t<\/div>\n\t\t<\/div>\n\t\t\t\t\t<\/div>\n\t\t<\/section>\n\t\t\t\t<div class=\"elementor-element elementor-element-6701fb95 elementor-widget elementor-widget-text-editor\" data-id=\"6701fb95\" data-element_type=\"widget\" data-widget_type=\"text-editor.default\">\n\t\t\t\t<div class=\"elementor-widget-container\">\n\t\t\t\t\t\t\t\t\t\n<h1 class=\"wp-block-heading\">about us<\/h1>\n\n<p>EG Bustouristik- und Reiseveranstaltungs GmbH is a Germany-wide service company in the tourism industry, which has established itself as a specialist in the organization and implementation of bus trips of all kinds throughout Europe through years of experience.<\/p>\n\n<p>Our company stands for reliability, the best safety standards and excellent services at an affordable price.<\/p>\n\n<p>We are constantly striving to expand our range of offers and to adapt our service to the needs of the times.<\/p>\n\n<p>\u00a0<\/p>\n\t\t\t\t\t\t\t\t<\/div>\n\t\t\t\t<\/div>\n\t\t\t\t\t<\/div>\n\t\t<\/div>\n\t\t\t\t\t<\/div>\n\t\t<\/section>\n\t\t\t\t<\/div>","protected":false},"excerpt":{"rendered":"<p>Unser Team Das engagierte Team der EG Bustouristik steht Ihnen mit einer Erfahrung von \u00fcber 25 Jahren bei der Organisation und Durchf\u00fchrung Ihrer individuellen Busfahrt zur Seite. Jeder Einzelne tr\u00e4gt ma\u00dfgeblich mit seiner Pers\u00f6nlichkeit, seinen Ideen und seinem touristischen Know-how zum Erfolg unseres Unternehmens bei. Profitieren auch Sie von unseren Erfahrungen und verlassen Sie sich&hellip;&nbsp;<a href=\"https:\/\/eg-reisen.de\/en\/ueber-uns\/team\/\" rel=\"bookmark\">Read More &raquo;<span class=\"screen-reader-text\">Team<\/span><\/a><\/p>","protected":false},"author":1,"featured_media":0,"parent":472,"menu_order":0,"comment_status":"closed","ping_status":"closed","template":"page-templates\/template-pagebuilder-full-width.php","meta":{"neve_meta_sidebar":"full-width","neve_meta_container":"","neve_meta_enable_content_width":"on","neve_meta_content_width":100,"neve_meta_title_alignment":"","neve_meta_author_avatar":"","neve_post_elements_order":"","neve_meta_disable_header":"","neve_meta_disable_footer":"","neve_meta_disable_title":"","footnotes":""},"class_list":["post-13","page","type-page","status-publish","hentry"],"yoast_head":"<!-- This site is optimized with the Yoast SEO plugin v25.4 - https:\/\/yoast.com\/wordpress\/plugins\/seo\/ -->\n<title>Team - EG Bustouristik<\/title>\n<meta name=\"robots\" content=\"index, follow, max-snippet:-1, max-image-preview:large, max-video-preview:-1\" \/>\n<link rel=\"canonical\" href=\"https:\/\/eg-reisen.de\/en\/ueber-uns\/team\/\" \/>\n<meta property=\"og:locale\" content=\"en_GB\" \/>\n<meta property=\"og:type\" content=\"article\" \/>\n<meta property=\"og:title\" content=\"Team - EG Bustouristik\" \/>\n<meta property=\"og:description\" content=\"Unser Team Das engagierte Team der EG Bustouristik steht Ihnen mit einer Erfahrung von \u00fcber 25 Jahren bei der Organisation und Durchf\u00fchrung Ihrer individuellen Busfahrt zur Seite. Jeder Einzelne tr\u00e4gt ma\u00dfgeblich mit seiner Pers\u00f6nlichkeit, seinen Ideen und seinem touristischen Know-how zum Erfolg unseres Unternehmens bei. Profitieren auch Sie von unseren Erfahrungen und verlassen Sie sich&hellip;&nbsp;Read More &raquo;Team\" \/>\n<meta property=\"og:url\" content=\"https:\/\/eg-reisen.de\/en\/ueber-uns\/team\/\" \/>\n<meta property=\"og:site_name\" content=\"EG Bustouristik\" \/>\n<meta property=\"article:publisher\" content=\"https:\/\/www.facebook.com\/reisebusvermietung\" \/>\n<meta property=\"article:modified_time\" content=\"2021-07-12T03:10:04+00:00\" \/>\n<meta property=\"og:image\" content=\"https:\/\/eg-reisen.de\/wp-content\/uploads\/2021\/02\/Team-1024x682.jpg\" \/>\n<meta name=\"twitter:card\" content=\"summary_large_image\" \/>\n<meta name=\"twitter:label1\" content=\"Estimated reading time\" \/>\n\t<meta name=\"twitter:data1\" content=\"1 minute\" \/>\n<script type=\"application\/ld+json\" class=\"yoast-schema-graph\">{\"@context\":\"https:\/\/schema.org\",\"@graph\":[{\"@type\":\"WebPage\",\"@id\":\"https:\/\/eg-reisen.de\/ueber-uns\/team\/\",\"url\":\"https:\/\/eg-reisen.de\/ueber-uns\/team\/\",\"name\":\"Team - EG Bustouristik\",\"isPartOf\":{\"@id\":\"https:\/\/eg-reisen.de\/#website\"},\"primaryImageOfPage\":{\"@id\":\"https:\/\/eg-reisen.de\/ueber-uns\/team\/#primaryimage\"},\"image\":{\"@id\":\"https:\/\/eg-reisen.de\/ueber-uns\/team\/#primaryimage\"},\"thumbnailUrl\":\"https:\/\/eg-reisen.de\/wp-content\/uploads\/2021\/02\/Team-1024x682.jpg\",\"datePublished\":\"2020-04-25T02:37:31+00:00\",\"dateModified\":\"2021-07-12T03:10:04+00:00\",\"breadcrumb\":{\"@id\":\"https:\/\/eg-reisen.de\/ueber-uns\/team\/#breadcrumb\"},\"inLanguage\":\"en-GB\",\"potentialAction\":[{\"@type\":\"ReadAction\",\"target\":[\"https:\/\/eg-reisen.de\/ueber-uns\/team\/\"]}]},{\"@type\":\"ImageObject\",\"inLanguage\":\"en-GB\",\"@id\":\"https:\/\/eg-reisen.de\/ueber-uns\/team\/#primaryimage\",\"url\":\"https:\/\/eg-reisen.de\/wp-content\/uploads\/2021\/02\/Team-1024x682.jpg\",\"contentUrl\":\"https:\/\/eg-reisen.de\/wp-content\/uploads\/2021\/02\/Team-1024x682.jpg\"},{\"@type\":\"BreadcrumbList\",\"@id\":\"https:\/\/eg-reisen.de\/ueber-uns\/team\/#breadcrumb\",\"itemListElement\":[{\"@type\":\"ListItem\",\"position\":1,\"name\":\"Home\",\"item\":\"https:\/\/eg-reisen.de\/\"},{\"@type\":\"ListItem\",\"position\":2,\"name\":\"\u00dcber uns\",\"item\":\"https:\/\/eg-reisen.de\/ueber-uns\/\"},{\"@type\":\"ListItem\",\"position\":3,\"name\":\"Team\"}]},{\"@type\":\"WebSite\",\"@id\":\"https:\/\/eg-reisen.de\/#website\",\"url\":\"https:\/\/eg-reisen.de\/\",\"name\":\"EG Bustouristik\",\"description\":\"Ihre Busvermietung in Hamburg\",\"publisher\":{\"@id\":\"https:\/\/eg-reisen.de\/#organization\"},\"potentialAction\":[{\"@type\":\"SearchAction\",\"target\":{\"@type\":\"EntryPoint\",\"urlTemplate\":\"https:\/\/eg-reisen.de\/?s={search_term_string}\"},\"query-input\":{\"@type\":\"PropertyValueSpecification\",\"valueRequired\":true,\"valueName\":\"search_term_string\"}}],\"inLanguage\":\"en-GB\"},{\"@type\":\"Organization\",\"@id\":\"https:\/\/eg-reisen.de\/#organization\",\"name\":\"EG Bustouristik\",\"url\":\"https:\/\/eg-reisen.de\/\",\"logo\":{\"@type\":\"ImageObject\",\"inLanguage\":\"en-GB\",\"@id\":\"https:\/\/eg-reisen.de\/#\/schema\/logo\/image\/\",\"url\":\"https:\/\/eg-reisen.de\/wp-content\/uploads\/2020\/11\/LogoEG.png\",\"contentUrl\":\"https:\/\/eg-reisen.de\/wp-content\/uploads\/2020\/11\/LogoEG.png\",\"width\":1542,\"height\":460,\"caption\":\"EG Bustouristik\"},\"image\":{\"@id\":\"https:\/\/eg-reisen.de\/#\/schema\/logo\/image\/\"},\"sameAs\":[\"https:\/\/www.facebook.com\/reisebusvermietung\"]}]}<\/script>\n<!-- \/ Yoast SEO plugin. -->","yoast_head_json":{"title":"Team - EG Bustouristik","robots":{"index":"index","follow":"follow","max-snippet":"max-snippet:-1","max-image-preview":"max-image-preview:large","max-video-preview":"max-video-preview:-1"},"canonical":"https:\/\/eg-reisen.de\/en\/ueber-uns\/team\/","og_locale":"en_GB","og_type":"article","og_title":"Team - EG Bustouristik","og_description":"Unser Team Das engagierte Team der EG Bustouristik steht Ihnen mit einer Erfahrung von \u00fcber 25 Jahren bei der Organisation und Durchf\u00fchrung Ihrer individuellen Busfahrt zur Seite. Jeder Einzelne tr\u00e4gt ma\u00dfgeblich mit seiner Pers\u00f6nlichkeit, seinen Ideen und seinem touristischen Know-how zum Erfolg unseres Unternehmens bei. Profitieren auch Sie von unseren Erfahrungen und verlassen Sie sich&hellip;&nbsp;Read More &raquo;Team","og_url":"https:\/\/eg-reisen.de\/en\/ueber-uns\/team\/","og_site_name":"EG Bustouristik","article_publisher":"https:\/\/www.facebook.com\/reisebusvermietung","article_modified_time":"2021-07-12T03:10:04+00:00","og_image":[{"url":"https:\/\/eg-reisen.de\/wp-content\/uploads\/2021\/02\/Team-1024x682.jpg","type":"","width":"","height":""}],"twitter_card":"summary_large_image","twitter_misc":{"Estimated reading time":"1 minute"},"schema":{"@context":"https:\/\/schema.org","@graph":[{"@type":"WebPage","@id":"https:\/\/eg-reisen.de\/ueber-uns\/team\/","url":"https:\/\/eg-reisen.de\/ueber-uns\/team\/","name":"Team - EG Bustouristik","isPartOf":{"@id":"https:\/\/eg-reisen.de\/#website"},"primaryImageOfPage":{"@id":"https:\/\/eg-reisen.de\/ueber-uns\/team\/#primaryimage"},"image":{"@id":"https:\/\/eg-reisen.de\/ueber-uns\/team\/#primaryimage"},"thumbnailUrl":"https:\/\/eg-reisen.de\/wp-content\/uploads\/2021\/02\/Team-1024x682.jpg","datePublished":"2020-04-25T02:37:31+00:00","dateModified":"2021-07-12T03:10:04+00:00","breadcrumb":{"@id":"https:\/\/eg-reisen.de\/ueber-uns\/team\/#breadcrumb"},"inLanguage":"en-GB","potentialAction":[{"@type":"ReadAction","target":["https:\/\/eg-reisen.de\/ueber-uns\/team\/"]}]},{"@type":"ImageObject","inLanguage":"en-GB","@id":"https:\/\/eg-reisen.de\/ueber-uns\/team\/#primaryimage","url":"https:\/\/eg-reisen.de\/wp-content\/uploads\/2021\/02\/Team-1024x682.jpg","contentUrl":"https:\/\/eg-reisen.de\/wp-content\/uploads\/2021\/02\/Team-1024x682.jpg"},{"@type":"BreadcrumbList","@id":"https:\/\/eg-reisen.de\/ueber-uns\/team\/#breadcrumb","itemListElement":[{"@type":"ListItem","position":1,"name":"Home","item":"https:\/\/eg-reisen.de\/"},{"@type":"ListItem","position":2,"name":"\u00dcber uns","item":"https:\/\/eg-reisen.de\/ueber-uns\/"},{"@type":"ListItem","position":3,"name":"Team"}]},{"@type":"WebSite","@id":"https:\/\/eg-reisen.de\/#website","url":"https:\/\/eg-reisen.de\/","name":"EG Bustouristik","description":"Ihre Busvermietung in Hamburg","publisher":{"@id":"https:\/\/eg-reisen.de\/#organization"},"potentialAction":[{"@type":"SearchAction","target":{"@type":"EntryPoint","urlTemplate":"https:\/\/eg-reisen.de\/?s={search_term_string}"},"query-input":{"@type":"PropertyValueSpecification","valueRequired":true,"valueName":"search_term_string"}}],"inLanguage":"en-GB"},{"@type":"Organization","@id":"https:\/\/eg-reisen.de\/#organization","name":"EG Bustouristik","url":"https:\/\/eg-reisen.de\/","logo":{"@type":"ImageObject","inLanguage":"en-GB","@id":"https:\/\/eg-reisen.de\/#\/schema\/logo\/image\/","url":"https:\/\/eg-reisen.de\/wp-content\/uploads\/2020\/11\/LogoEG.png","contentUrl":"https:\/\/eg-reisen.de\/wp-content\/uploads\/2020\/11\/LogoEG.png","width":1542,"height":460,"caption":"EG Bustouristik"},"image":{"@id":"https:\/\/eg-reisen.de\/#\/schema\/logo\/image\/"},"sameAs":["https:\/\/www.facebook.com\/reisebusvermietung"]}]}},"jetpack_sharing_enabled":true,"_links":{"self":[{"href":"https:\/\/eg-reisen.de\/en\/wp-json\/wp\/v2\/pages\/13","targetHints":{"allow":["GET"]}}],"collection":[{"href":"https:\/\/eg-reisen.de\/en\/wp-json\/wp\/v2\/pages"}],"about":[{"href":"https:\/\/eg-reisen.de\/en\/wp-json\/wp\/v2\/types\/page"}],"author":[{"embeddable":true,"href":"https:\/\/eg-reisen.de\/en\/wp-json\/wp\/v2\/users\/1"}],"replies":[{"embeddable":true,"href":"https:\/\/eg-reisen.de\/en\/wp-json\/wp\/v2\/comments?post=13"}],"version-history":[{"count":10,"href":"https:\/\/eg-reisen.de\/en\/wp-json\/wp\/v2\/pages\/13\/revisions"}],"predecessor-version":[{"id":2150,"href":"https:\/\/eg-reisen.de\/en\/wp-json\/wp\/v2\/pages\/13\/revisions\/2150"}],"up":[{"embeddable":true,"href":"https:\/\/eg-reisen.de\/en\/wp-json\/wp\/v2\/pages\/472"}],"wp:attachment":[{"href":"https:\/\/eg-reisen.de\/en\/wp-json\/wp\/v2\/media?parent=13"}],"curies":[{"name":"wp","href":"https:\/\/api.w.org\/{rel}","templated":true}]}}